{"id":3,"date":"2025-05-08T21:28:46","date_gmt":"2025-05-08T19:28:46","guid":{"rendered":"http:\/\/carshineworld.pl\/?page_id=3"},"modified":"2025-05-22T09:43:27","modified_gmt":"2025-05-22T07:43:27","slug":"polityka-prywatnosci","status":"publish","type":"page","link":"https:\/\/carshineworld.pl\/?page_id=3","title":{"rendered":"Polityka prywatno\u015bci"},"content":{"rendered":"<p><br><strong>\u00a0 \u00a0 \u00a0 \u00a0 \u00a0 \u00a0 \u00a0 \u00a0 \u00a0 \u00a0 \u00a0 \u00a0 \u00a0 \u00a0 \u00a0 \u00a0 \u00a0 \u00a0 \u00a0 \u00a0 \u00a0 \u00a0 \u00a0 \u00a0 \u00a0 \u00a0 \u00a0 \u00a0 \u00a0 \u00a0 \u00a0 \u00a0 \u00a0 \u00a0 \u00a0 \u00a0 \u00a0 \u00a0 \u00a0 \u00a0 \u00a0 \u00a0 \u00a0 \u00a0 POSTANOWIENIA OG\u00d3LNE<\/strong><\/p><figure class=\"wp-block-table\"><table class=\"has-fixed-layout\"><tbody><tr><td>&nbsp;<\/td><td class=\"has-text-align-left\" data-align=\"left\" colspan=\"8\"><strong>\u00a7 1<\/strong><br>1. Niniejsza Polityka Prywatno\u015bci okre\u015bla zasady przetwarzania danych<br>osobowych pozyskanych za po\u015brednictwem sklepu<br>internetowego Carshineworld.pl (zwanego dalej: \u201e<strong>Sklepem Internetowym<\/strong>\u201d). 2. W\u0142a\u015bcicielem Sklepu i\u00a0jednocze\u015bnie administratorem danych jest<br>Fabryka Zawiesi S.C. Mateusz G\u00f3rski, Karolina G\u00f3rska prowadz\u0105cy dzia\u0142alno\u015b\u0107 gospodarcz\u0105 z siedzib\u0105 w<br>Gostyninie przy ul. Boles\u0142awa Prusa 15 wpisani do Centralnej Ewidencji<br>i\u00a0Informacji o\u00a0Dzia\u0142alno\u015bci Gospodarczej prowadzonej przez Ministra<br>Rozwoju, Pracy i\u00a0Technologii, NIP: 59710731611, REGON: 523338895<br>3. Dane osobowe zbierane przez<br>carshineworld.pl za po\u015brednictwem Sklepu Internetowego s\u0105 przetwarzane<br>zgodnie z\u00a0Rozporz\u0105dzeniem Parlamentu Europejskiego i\u00a0Rady (UE) 2016\/679<br>z\u00a0dnia 27 kwietnia 2016 r. w\u00a0sprawie ochrony os\u00f3b fizycznych w\u00a0zwi\u0105zku<br>z\u00a0przetwarzaniem danych osobowych i\u00a0w sprawie swobodnego przep\u0142ywu<br>takich danych oraz uchylenia dyrektywy 95\/46\/WE (og\u00f3lne rozporz\u0105dzenie<br>o\u00a0ochronie danych), zwane r\u00f3wnie\u017c\u00a0RODO. \u00a0 \u00a0 \u00a0 \u00a0 \u00a0 \u00a0 \u00a0 \u00a0 \u00a0 \u00a0 \u00a0 \u00a0 \u00a0 \u00a0 \u00a0 \u00a0 \u00a0 \u00a0 \u00a0 \u00a0 \u00a0 \u00a0 \u00a0 \u00a0 \u00a0 \u00a0 \u00a0 \u00a0 \u00a0 \u00a0 \u00a0 \u00a0 \u00a0 \u00a0 \u00a0 \u00a0 \u00a0<strong>\u00a0 \u00a0 \u00a0 \u00a0 \u00a0 \u00a0 \u00a7 2<\/strong><br><strong>\u00a0 \u00a0 \u00a0 \u00a0 \u00a0 \u00a0 \u00a0 \u00a0 \u00a0 \u00a0 \u00a0 \u00a0RODZAJ PRZETWARZANYCH DANYCH OSOBOWYCH, CEL I ZAKRES ZBIERANIA DANYCH\u00a0<\/strong> <strong>1.\u00a0CEL PRZETWARZANIA I PODSTAWA PRAWNA.<\/strong><br>Administrator przetwarza dane osobowe Us\u0142ugobiorc\u00f3w Sklepu www.carshineworld.pl w przypadku:<br>a) sk\u0142adania zam\u00f3wienia w Sklepie, w celu wykonania umowy sprzeda\u017cy, na podstawie art. 6<br>ust. 1 lit. b RODO (realizacja umowy sprzeda\u017cy),<br>b)<br>zapisania si\u0119 do Newslettera w celu przesy\u0142ania informacji handlowych<br>drog\u0105 elektroniczn\u0105. Dane osobowe s\u0105 przetwarzane po wyra\u017ceniu odr\u0119bnej<br>zgody, na podstawie art. 6 ust. 1 lit. a) RODO <strong>2. RODZAJ PRZETWARZANYCH DANYCH OSOBOWYCH.\u00a0<\/strong> W przypadku:<br>a) Zam\u00f3wienia- Us\u0142ugobiorca podaje:<br>\uf0b7 Imi\u0119 i nazwisko,<br>\uf0b7 Adres,<br>\uf0b7 Adres e-mail,<br>\uf0b7 Numer telefonu,<br>b) Newslettera- Us\u0142ugobiorca podaje<br>\uf0b7 Imi\u0119 i nazwisko,<br>\uf0b7 adres e-mail. <strong>3. OKRES ARCHIWIZACJI DANYCH OSOBOWYCH.<\/strong><br>Dane osobowe Us\u0142ugobiorc\u00f3w przechowywane s\u0105 przez Administratora:<br>a)<br>w przypadku, gdy podstaw\u0105 przetwarzania danych jest wykonanie umowy,<br>tak d\u0142ugo, jak jest to niezb\u0119dne do wykonania umowy, a po tym czasie<br>przez okres odpowiadaj\u0105cy okresowi przedawnienia roszcze\u0144. Je\u017celi<br>przepis szczeg\u00f3lny nie stanowi inaczej, termin przedawnienia wynosi<br>dziesi\u0119\u0107 lat, a dla roszcze\u0144 o \u015bwiadczenia okresowe oraz roszcze\u0144<br>zwi\u0105zanych<br>z prowadzeniem dzia\u0142alno\u015bci gospodarczej \u2013 trzy lata.<br>b)<br>w przypadku, gdy podstaw\u0105 przetwarzania danych jest zgoda, tak d\u0142ugo,<br>a\u017c zgoda nie zostanie odwo\u0142ana, a po odwo\u0142aniu zgody przez okres czasu<br>odpowiadaj\u0105cy okresowi przedawnienia roszcze\u0144, jakie mo\u017ce podnosi\u0107<br>Administrator i jakie mog\u0105 by\u0107 podnoszone wobec niego. Je\u017celi przepis<br>szczeg\u00f3lny nie stanowi inaczej, termin przedawnienia wynosi\u00a0dziesi\u0119\u0107<br>lat, a dla roszcze\u0144<br>\u00a0o \u015bwiadczenia okresowe oraz roszcze\u0144 zwi\u0105zanych z prowadzeniem dzia\u0142alno\u015bci gospodarczej \u2013 trzy lata.<br>4.<br>Podczas korzystania ze Sklepu mog\u0105 by\u0107 pobierane dodatkowe informacje, w<br>szczeg\u00f3lno\u015bci: adres IP przypisany do komputera Us\u0142ugobiorcy lub<br>zewn\u0119trzny adres IP dostawcy Internetu, nazwa domeny, rodzaj<br>przegl\u0105darki, czas dost\u0119pu, typ systemu operacyjnego.<br>5. Od<br>Us\u0142ugobiorc\u00f3w mog\u0105 by\u0107 tak\u017ce gromadzone dane nawigacyjne, w tym<br>informacje o linkach i odno\u015bnikach, w kt\u00f3re zdecyduj\u0105 si\u0119 klikn\u0105\u0107 lub<br>innych czynno\u015bciach, podejmowanych w Sklepie. Podstaw\u0105 prawn\u0105 tego<br>rodzaju czynno\u015bci jest prawnie uzasadniony interes Administratora (art. 6<br>ust. 1 lit. f RODO), polegaj\u0105cy na u\u0142atwieniu korzystania z us\u0142ug<br>\u015bwiadczonych drog\u0105 elektroniczn\u0105 oraz na poprawie funkcjonalno\u015bci tych<br>us\u0142ug.<br>6. Podanie danych osobowych przez Us\u0142ugobiorc\u0119 jest dobrowolne.<br>7.<br>Dane osobowe b\u0119d\u0105 przetwarzane tak\u017ce w spos\u00f3b zautomatyzowany w formie<br>profilowania, o ile Us\u0142ugobiorca wyrazi na to zgod\u0119 na podstawie art. 6<br>ust. 1 lit. a) RODO. Konsekwencj\u0105 profilowania b\u0119dzie przypisanie danej<br>osobie profilu w celu podejmowania dotycz\u0105cych jej decyzji b\u0105d\u017a analizy<br>lub przewidywania jej preferencji, zachowa\u0144 i postaw.<br>8.<br>Administrator dok\u0142ada szczeg\u00f3lnej staranno\u015bci w celu ochrony interes\u00f3w<br>os\u00f3b, kt\u00f3rych dane dotycz\u0105, a w szczeg\u00f3lno\u015bci zapewnia, \u017ce zbierane<br>przez niego dane s\u0105:<br>a) przetwarzane zgodnie z prawem,<br>b) zbierane dla oznaczonych, zgodnych z prawem cel\u00f3w i niepoddawane dalszemu przetwarzaniu niezgodnemu z tymi celami,<br>c)<br>merytorycznie poprawne i adekwatne w stosunku do cel\u00f3w, w jakich s\u0105<br>przetwarzane oraz przechowywane w postaci umo\u017cliwiaj\u0105cej identyfikacj\u0119<br>os\u00f3b, kt\u00f3rych dotycz\u0105, nie d\u0142u\u017cej ni\u017c jest to niezb\u0119dne do osi\u0105gni\u0119cia<br>celu przetwarzania.\u00a0 <strong>\u00a0 \u00a0 \u00a0 \u00a0 \u00a0 \u00a0 \u00a0 \u00a0 \u00a0 \u00a0 \u00a0 \u00a0 \u00a0 \u00a0 \u00a0 \u00a0 \u00a0 \u00a0 \u00a0 \u00a0 \u00a0 \u00a0 \u00a0 \u00a0 \u00a0 \u00a0 \u00a0 \u00a0 \u00a0 \u00a0 \u00a0 \u00a0 \u00a0 \u00a0 \u00a0 \u00a0 \u00a0 \u00a0 \u00a0 \u00a0 \u00a0 \u00a0 \u00a0 \u00a0 \u00a0\u00a7 3<\/strong><br><strong>\u00a0 \u00a0 \u00a0 \u00a0 \u00a0 \u00a0 \u00a0 \u00a0 \u00a0 \u00a0 \u00a0 \u00a0 \u00a0 \u00a0 \u00a0 \u00a0 \u00a0 \u00a0 \u00a0 \u00a0 \u00a0 \u00a0 \u00a0 \u00a0 \u00a0 \u00a0 \u00a0 \u00a0 \u00a0 \u00a0 \u00a0UDOST\u0118PNIENIE DANYCH OSOBOWYCH<\/strong> <br>1. Dane osobowe Us\u0142ugobiorc\u00f3w przekazywane s\u0105 dostawcom us\u0142ug, z<br>kt\u00f3rych korzysta\u00a0Administrator przy prowadzeniu Sklepu. Dostawcy us\u0142ug,<br>kt\u00f3rym przekazywane s\u0105 dane osobowe,\u00a0w zale\u017cno\u015bci od uzgodnie\u0144 umownych i<br>okoliczno\u015bci, albo podlegaj\u0105 poleceniom Administratora\u00a0co do cel\u00f3w i<br>sposob\u00f3w przetwarzania tych danych (podmioty przetwarzaj\u0105ce) albo<br>samodzielnie<br>okre\u015blaj\u0105 cele i sposoby ich przetwarzania (administratorzy).<br>2. Dane osobowe Us\u0142ugobiorc\u00f3w s\u0105 przechowywane wy\u0142\u0105cznie na terenie Europejskiego Obszaru<br>Gospodarczego (EOG). <strong>\u00a0 \u00a0 \u00a0 \u00a0 \u00a0 \u00a0 \u00a0 \u00a0 \u00a0 \u00a0 \u00a0 \u00a0 \u00a0 \u00a0 \u00a0 \u00a0 \u00a0 \u00a0 \u00a0 \u00a0 \u00a0 \u00a0 \u00a0 \u00a0 \u00a0 \u00a0 \u00a0 \u00a0 \u00a0 \u00a0 \u00a0 \u00a0 \u00a0 \u00a0 \u00a0 \u00a0 \u00a0 \u00a0 \u00a0 \u00a0 \u00a0 \u00a0 \u00a0 \u00a0<\/strong><br><strong> \u00a7 4<\/strong><br><strong>\u00a0 \u00a0 \u00a0 \u00a0 \u00a0 \u00a0 \u00a0 \u00a0 \u00a0 \u00a0 \u00a0 \u00a0PRAWO KONTROLI, DOST\u0118PU DO TRE\u015aCI W\u0141ASNYCH DANYCH ORAZ ICH POPRAWIANIA<\/strong> 1. Osoba, kt\u00f3rej dane dotycz\u0105, ma prawo dost\u0119pu do tre\u015bci swoich<br>danych osobowych oraz prawo\u00a0ich sprostowania, usuni\u0119cia, ograniczenia<br>przetwarzania, prawo do przenoszenia danych, prawo\u00a0wniesienia sprzeciwu,<br>prawo do cofni\u0119cia zgody w dowolnym momencie bez wp\u0142ywu na\u00a0zgodno\u015b\u0107 z<br>prawem przetwarzania, kt\u00f3rego dokonano na podstawie zgody przed jej<br>cofni\u0119ciem.<br>2. Podstawy prawne \u017c\u0105dania Us\u0142ugobiorcy:<br>a) Dost\u0119p do danych \u2013 art. 15 RODO<br>b) Sprostowanie danych \u2013 art. 16 RODO.<br>c) Usuni\u0119cie danych (tzw. prawo do bycia zapomnianym) \u2013 art. 17 RODO.<br>d) Ograniczenie przetwarzania \u2013 art. 18 RODO.<br>e) Przeniesienie danych \u2013 art. 20 RODO.<br>f) Sprzeciw \u2013 art. 21 RODO<br>g) Cofni\u0119cie zgody \u2013 art. 7 ust. 3 RODO.<br>3. W celu realizacji uprawnie\u0144, o kt\u00f3rych mowa w pkt. 2 mo\u017cna wys\u0142a\u0107 stosown\u0105 wiadomo\u015b\u0107 e-mail drog\u0105 elektroniczn\u0105.<br>4.\u00a0W<br>przypadku stwierdzenia, \u017ce przetwarzanie danych osobowych narusza<br>przepisy RODO, osoba,\u00a0kt\u00f3rej dane dotycz\u0105, ma prawo wnie\u015b\u0107 skarg\u0119 do<br>Prezesa Urz\u0119du Ochrony Danych Osobowych. <strong>\u00a0 \u00a0 \u00a0 \u00a0 \u00a0 \u00a0 \u00a0 \u00a0 \u00a0 \u00a0 \u00a0 \u00a0 \u00a0 \u00a0 \u00a0 \u00a0 \u00a0 \u00a0 \u00a0 \u00a0 \u00a0 \u00a0 \u00a0 \u00a0 \u00a0 \u00a0 \u00a0 \u00a0 \u00a0 \u00a0 \u00a0 \u00a0 \u00a0 \u00a0 \u00a0 \u00a0 \u00a0 \u00a0 \u00a0 \u00a0 \u00a0 \u00a0 \u00a0 \u00a7 5<\/strong><br><strong>\u00a0 \u00a0 \u00a0 \u00a0 \u00a0 \u00a0 \u00a0 \u00a0 \u00a0 \u00a0 \u00a0 \u00a0 \u00a0 \u00a0 \u00a0 \u00a0 \u00a0 \u00a0 \u00a0 \u00a0 \u00a0 \u00a0 \u00a0 \u00a0 \u00a0 \u00a0 \u00a0 \u00a0 \u00a0 \u00a0 \u00a0 \u00a0 \u00a0 \u00a0 \u00a0 \u00a0 \u00a0PLIKI \u201eCOOKIES\u201d<br><\/strong><br>1. Strona Administratora u\u017cywa plik\u00f3w \u201ecookies\u201d.<br>2. Instalacja plik\u00f3w \u201ecookies\u201d jest konieczna do prawid\u0142owego \u015bwiadczenia us\u0142ug na stronie internetowej Sklepu.<br>W<br>plikach \u201ecookies\u201d znajduj\u0105 si\u0119 informacje niezb\u0119dne do prawid\u0142owego<br>funkcjonowania strony, a tak\u017ce daj\u0105 one mo\u017cliwo\u015b\u0107 opracowywania og\u00f3lnych<br>statystyk odwiedzin strony internetowej.<br>3. W ramach strony stosowane s\u0105 dwa rodzaje plik\u00f3w \u201ecookies\u201d: \u201esesyjne\u201d oraz \u201esta\u0142e\u201d.<br>a)<br>\u201eCookies\u201d \u201esesyjne\u201d s\u0105 plikami tymczasowymi, kt\u00f3re przechowywane s\u0105 w<br>urz\u0105dzeniu ko\u0144cowym Us\u0142ugobiorcy do czasu wylogowania (opuszczenia<br>strony).<br>b) \u201eSta\u0142e\u201d pliki \u201ecookies\u201d przechowywane s\u0105 w urz\u0105dzeniu<br>ko\u0144cowym Us\u0142ugobiorcy przez czas okre\u015blony w parametrach plik\u00f3w<br>\u201ecookies\u201d lub do czasu ich usuni\u0119cia przez Us\u0142ugobiorc\u0119.<br>4.<br>Administrator wykorzystuje w\u0142asne\u00a0 pliki cookies w celu lepszego<br>poznania sposobu interakcji Us\u0142ugobiorc\u00f3w w zakresie zawarto\u015bci strony.<br>Pliki gromadz\u0105 informacje o sposobie korzystania ze strony internetowej<br>przez Us\u0142ugobiorc\u0119, typie strony,<br>z jakiej Us\u0142ugobiorca zosta\u0142<br>przekierowany, oraz liczbie odwiedzin i czasie wizyty Us\u0142ugobiorcy na<br>stronie internetowej. Informacje te nie rejestruj\u0105 konkretnych danych<br>osobowych Us\u0142ugobiorcy, lecz s\u0142u\u017c\u0105 do opracowania statystyk korzystania<br>ze strony.<br>5. Administrator wykorzystuje zewn\u0119trzne pliki cookies w<br>celu zbierania og\u00f3lnych i anonimowych danych statycznych za<br>po\u015brednictwem narz\u0119dzi analitycznych Google Analytics (administrator<br>cookies zewn\u0119trznego: Google Inc. z siedzib\u0105 w USA).<br>6. Us\u0142ugobiorca<br>ma prawo zadecydowania w zakresie dost\u0119pu plik\u00f3w \u201ecookies\u201d do swojego<br>komputera poprzez ich uprzedni wyb\u00f3r w oknie swojej przegl\u0105darki.<br>Szczeg\u00f3\u0142owe informacje o mo\u017cliwo\u015bci i sposobach obs\u0142ugi plik\u00f3w \u201ecookies\u201d<br>dost\u0119pne s\u0105<br>w ustawieniach oprogramowania (przegl\u0105darki internetowej). <strong>\u00a0 \u00a0 \u00a0 \u00a0 \u00a0 \u00a0 \u00a0 \u00a0 \u00a0 \u00a0 \u00a0 \u00a0 \u00a0 \u00a0 \u00a0 \u00a0 \u00a0 \u00a0 \u00a0 \u00a0 \u00a0 \u00a0 \u00a0 \u00a0 \u00a0 \u00a0 \u00a0 \u00a0 \u00a0 \u00a0 \u00a0 \u00a0 \u00a0 \u00a0 \u00a0 \u00a0 \u00a0 \u00a0 \u00a0 \u00a0 \u00a0 \u00a0 \u00a0 \u00a0\u00a7 6<\/strong><br><strong>\u00a0 \u00a0 \u00a0 \u00a0 \u00a0 \u00a0 \u00a0 \u00a0 \u00a0 \u00a0 \u00a0 \u00a0 \u00a0 \u00a0 \u00a0 \u00a0 \u00a0 \u00a0 \u00a0 \u00a0 \u00a0 \u00a0 \u00a0 \u00a0 \u00a0 \u00a0 \u00a0 \u00a0 \u00a0 \u00a0 \u00a0 \u00a0 POSTANOWIENIA KO\u0143COWE<br><\/strong><br>1.<br>Administrator stosuje \u015brodki techniczne i organizacyjne zapewniaj\u0105ce<br>ochron\u0119 przetwarzanych danych osobowych odpowiedni\u0105 do zagro\u017ce\u0144 oraz<br>kategorii danych obj\u0119tych ochron\u0105, a w szczeg\u00f3lno\u015bci zabezpiecza dane<br>przed ich udost\u0119pnieniem osobom nieupowa\u017cnionym, zabraniem przez osob\u0119<br>nieuprawnion\u0105, przetwarzaniem z naruszeniem obowi\u0105zuj\u0105cych przepis\u00f3w<br>oraz<br>zmian\u0105, utrat\u0105, uszkodzeniem lub zniszczeniem.<br>2.<br>Administrator udost\u0119pnia odpowiednie \u015brodki techniczne zapobiegaj\u0105ce<br>pozyskiwaniu i modyfikowaniu przez osoby nieuprawnione danych osobowych<br>przesy\u0142anych drog\u0105\u00a0elektroniczn\u0105.<br>3. W sprawach nieuregulowanych<br>niniejsz\u0105 Polityk\u0105 Prywatno\u015bci stosuje si\u0119\u00a0odpowiednio przepisy RODO<br>oraz inne w\u0142a\u015bciwe przepisy prawa polskiego.<\/td><\/tr><\/tbody><\/table><\/figure><p><\/p><p><\/p><p><\/p><p><\/p>","protected":false},"excerpt":{"rendered":"<p>\u00a0 \u00a0 \u00a0 \u00a0 \u00a0 \u00a0 \u00a0 \u00a0 \u00a0 \u00a0 \u00a0 \u00a0 \u00a0 \u00a0 \u00a0 \u00a0 \u00a0 \u00a0 \u00a0 \u00a0 \u00a0 \u00a0 \u00a0 \u00a0 \u00a0 \u00a0 \u00a0 \u00a0 \u00a0 \u00a0 \u00a0 \u00a0 \u00a0 \u00a0 \u00a0 \u00a0 \u00a0 \u00a0 \u00a0 \u00a0 \u00a0 \u00a0 \u00a0 \u00a0 POSTANOWIENIA OG\u00d3LNE &nbsp; \u00a7 11. Niniejsza Polityka Prywatno\u015bci okre\u015bla zasady przetwarzania [&hellip;]<\/p>\n","protected":false},"author":1,"featured_media":0,"parent":0,"menu_order":0,"comment_status":"closed","ping_status":"open","template":"","meta":{"saved_in_kubio":false,"footnotes":""},"class_list":["post-3","page","type-page","status-publish","hentry"],"kubio_ai_page_context":{"short_desc":"","purpose":"general"},"_links":{"self":[{"href":"https:\/\/carshineworld.pl\/index.php?rest_route=\/wp\/v2\/pages\/3","targetHints":{"allow":["GET"]}}],"collection":[{"href":"https:\/\/carshineworld.pl\/index.php?rest_route=\/wp\/v2\/pages"}],"about":[{"href":"https:\/\/carshineworld.pl\/index.php?rest_route=\/wp\/v2\/types\/page"}],"author":[{"embeddable":true,"href":"https:\/\/carshineworld.pl\/index.php?rest_route=\/wp\/v2\/users\/1"}],"replies":[{"embeddable":true,"href":"https:\/\/carshineworld.pl\/index.php?rest_route=%2Fwp%2Fv2%2Fcomments&post=3"}],"version-history":[{"count":0,"href":"https:\/\/carshineworld.pl\/index.php?rest_route=\/wp\/v2\/pages\/3\/revisions"}],"wp:attachment":[{"href":"https:\/\/carshineworld.pl\/index.php?rest_route=%2Fwp%2Fv2%2Fmedia&parent=3"}],"curies":[{"name":"wp","href":"https:\/\/api.w.org\/{rel}","templated":true}]}}