{"id":9,"date":"2025-05-12T12:36:31","date_gmt":"2025-05-12T10:36:31","guid":{"rendered":"http:\/\/carshineworld.pl\/?page_id=9"},"modified":"2025-05-22T09:27:40","modified_gmt":"2025-05-22T07:27:40","slug":"regulamin","status":"publish","type":"page","link":"https:\/\/carshineworld.pl\/?page_id=9","title":{"rendered":"Regulamin sklepu internetowego"},"content":{"rendered":"<h2 class=\"wp-block-heading\">Regulamin sklepu internetowego<\/h2><h3 class=\"wp-block-heading\">\u00a7 1<br>Informacje wst\u0119pne<\/h3><p>1. Sklep internetowy Carshineworld dost\u0119pny pod<br>adresem\u00a0internetowym www.carshineworld.pl, prowadzony jest przez FABRYKA ZAWIESI S.C. MATEUSZ G\u00d3RSKI, KAROLINA G\u00d3RSKA prowadz\u0105cy dzia\u0142alno\u015b\u0107 gospodarcz\u0105 wpisan\u0105 do\u00a0Centralnej<br>Ewidencji i Informacji o Dzia\u0142alno\u015bci Gospodarczej (CEIDG) prowadzonej<br>przez\u00a0ministra w\u0142a\u015bciwego ds. gospodarki, NIP 9710731611<\/p><h3 class=\"wp-block-heading\"><strong>\u00a7 2<\/strong><br><strong>Definicje&nbsp;<\/strong><\/h3><p>1. <strong>Konsument<\/strong> \u2013 osoba fizyczna zawieraj\u0105ca ze<br>Sprzedawc\u0105 umow\u0119 w ramach Sklepu, kt\u00f3rej przedmiot nie jest zwi\u0105zany<br>bezpo\u015brednio z jej dzia\u0142alno\u015bci\u0105 gospodarcz\u0105 lub&nbsp;zawodow\u0105.<br>2. <strong>Sprzedawca<\/strong> \u2013 osoba fizyczna prowadz\u0105ca dzia\u0142alno\u015b\u0107 gospodarcz\u0105&nbsp;<br>3. <strong>Klient<\/strong> \u2013 ka\u017cdy podmiot dokonuj\u0105cy zakup\u00f3w za po\u015brednictwem Sklepu.<br>4. <strong>Przedsi\u0119biorca<\/strong><br>\u2013 osoba fizyczna, osoba prawna i jednostka organizacyjna nieb\u0119d\u0105ca<br>osob\u0105 prawn\u0105, kt\u00f3rej odr\u0119bna ustawa przyznaje zdolno\u015b\u0107 prawn\u0105,<br>wykonuj\u0105ca we w\u0142asnym imieniu dzia\u0142alno\u015b\u0107 gospodarcz\u0105, kt\u00f3ra korzysta ze<br>Sklepu.<br>5. <strong>Sklep<\/strong> \u2013 sklep internetowy prowadzony przez Sprzedawc\u0119 pod adresem internetowym www.fabrykazawiesi.eu<br>6. <strong>Umowa zawarta na odleg\u0142o\u015b\u0107<\/strong><br>\u2013 umowa zawarta z Klientem w ramach zorganizowanego systemu zawierania<br>um\u00f3w na odleg\u0142o\u015b\u0107 (w ramach Sklepu), bez&nbsp;jednoczesnej fizycznej<br>obecno\u015bci stron, z wy\u0142\u0105cznym wykorzystaniem jednego lub wi\u0119kszej liczby<br>\u015brodk\u00f3w porozumiewania si\u0119 na odleg\u0142o\u015b\u0107 do chwili zawarcia umowy<br>w\u0142\u0105cznie.<br>7. <strong>Regulamin<\/strong> \u2013 niniejszy regulamin Sklepu.<br>8.<strong> Zam\u00f3wienie<\/strong><br>\u2013 o\u015bwiadczenie woli Klienta sk\u0142adane za pomoc\u0105 Formularza Zam\u00f3wienia i<br>zmierzaj\u0105ce bezpo\u015brednio do zawarcia Umowy Sprzeda\u017cy Produktu lub<br>Produkt\u00f3w ze Sprzedawc\u0105.<br>9. <strong>Konto<\/strong> \u2013 konto klienta w<br>Sklepie, s\u0105 w nim gromadzone dane podane przez Klienta oraz informacje o<br>z\u0142o\u017conych przez niego Zam\u00f3wieniach w Sklepie.<br>10. <strong>Formularz rejestracji<\/strong> \u2013 formularz dost\u0119pny w Sklepie, umo\u017cliwiaj\u0105cy utworzenie konta.<br>11. <strong>Formularz zam\u00f3wienia<\/strong> \u2013 interaktywny formularz dost\u0119pny w Sklepie umo\u017cliwiaj\u0105cy z\u0142o\u017cenie Zam\u00f3wienia,<br>w<br>szczeg\u00f3lno\u015bci poprzez dodanie Produkt\u00f3w do Koszyka oraz okre\u015blenie<br>warunk\u00f3w Umowy Sprzeda\u017cy, w tym sposobu dostawy i p\u0142atno\u015bci.<br>12. <strong>Koszyk<\/strong> \u2013 element oprogramowania Sklepu, w kt\u00f3rym widoczne s\u0105 wybrane przez Klienta Produkty do zakupu,<br>a tak\u017ce istnieje mo\u017cliwo\u015b\u0107 ustalenia i modyfikacji danych Zam\u00f3wienia, w szczeg\u00f3lno\u015bci ilo\u015bci produkt\u00f3w.<br>13. <strong>Produkt<\/strong> \u2013 dost\u0119pna w Sklepie rzecz ruchoma\/us\u0142uga b\u0119d\u0105ca przedmiotem Umowy Sprzeda\u017cy mi\u0119dzy Klientem<br>a Sprzedawc\u0105.<br>14. <strong>Umowa Sprzeda\u017cy<\/strong> \u2013 umowa sprzeda\u017cy Produktu zawierana albo zawarta mi\u0119dzy Klientem a Sprzedawc\u0105<br>za po\u015brednictwem Sklepu internetowego.<\/p><h3 class=\"wp-block-heading\">\u00a7 3<br>Kontakt ze Sklepem&nbsp;<\/h3><p>1. Adres Sprzedawcy: 09-500 Gostynin, ul. Boles\u0142awa Prusa 15<br>2. Adres e-mail Sprzedawcy: sklep@carshineworld.pl<br>3. Numer telefonu Sprzedawcy: +48 693-376-494 \/ +48 731-740-275<br>4. Numer rachunku bankowego Sprzedawcy <strong>mBank SA 50 1140 2004 0000 3502 8294 0167<\/strong><br>6. Klient mo\u017ce porozumiewa\u0107 si\u0119 ze Sprzedawc\u0105 za pomoc\u0105 adres\u00f3w i numer\u00f3w<br>telefon\u00f3w podanych w niniejszym paragrafie.<br>7. Klient mo\u017ce porozumie\u0107 si\u0119 telefonicznie ze Sprzedawc\u0105 w godzinach 7.00- 15.00<\/p><h3 class=\"wp-block-heading\">\u00a7 4<br>Wymagania techniczne&nbsp;<\/h3><p>Do korzystania ze Sklepu, w tym przegl\u0105dania asortymentu Sklepu oraz sk\u0142adania zam\u00f3wie\u0144 na Produkty, niezb\u0119dne s\u0105:<br>a. urz\u0105dzenie ko\u0144cowe z dost\u0119pem do sieci Internet i przegl\u0105dark\u0105 internetow\u0105,<br>b. aktywne konto poczty elektronicznej (e-mail),<br>c. w\u0142\u0105czona obs\u0142uga plik\u00f3w cookies<\/p><h3 class=\"wp-block-heading\">\u00a7 5<br>Informacje og\u00f3lne<\/h3><p>1. Sprzedawca w najszerszym dopuszczalnym przez prawo zakresie nie<br>ponosi odpowiedzialno\u015bci za zak\u0142\u00f3cenia, w tym przerwy w funkcjonowaniu<br>Sklepu spowodowane si\u0142\u0105 wy\u017csz\u0105, niedozwolonym dzia\u0142aniem os\u00f3b trzecich<br>lub<br>niekompatybilno\u015bci\u0105 Sklepu internetowego z infrastruktur\u0105 techniczn\u0105 Klienta.<br>2.<br>Przegl\u0105danie asortymentu Sklepu nie wymaga zak\u0142adania Konta. Sk\u0142adanie<br>zam\u00f3wie\u0144 przez Klienta na Produkty znajduj\u0105ce si\u0119 w asortymencie Sklepu<br>mo\u017cliwe jest albo po za\u0142o\u017ceniu Konta zgodnie z postanowieniami \u00a7 6<br>Regulaminu albo przez podanie niezb\u0119dnych danych osobowych i adresowych<br>umo\u017cliwiaj\u0105cych realizacj\u0119 Zam\u00f3wienia bez zak\u0142adania Konta.<br>3. Ceny podane w Sklepie s\u0105 podane w polskich z\u0142otych i s\u0105 cenami brutto (uwzgl\u0119dniaj\u0105 podatek VAT).<br>4.<br>Na ko\u0144cow\u0105 (ostateczn\u0105) kwot\u0119 do zap\u0142aty przez Klienta sk\u0142ada si\u0119 cena<br>za Produkt oraz koszt dostawy (w tym op\u0142aty za transport, dostarczenie i<br>us\u0142ugi pocztowe), o kt\u00f3rej Klient jest informowany na stronach Sklepu w<br>trakcie sk\u0142adania Zam\u00f3wienia, w tym tak\u017ce w chwili wyra\u017cenia woli<br>zwi\u0105zania si\u0119 Umow\u0105 Sprzeda\u017cy.<br>5.&nbsp;Gdy charakter przedmiotu Umowy nie<br>pozwala, rozs\u0105dnie oceniaj\u0105c, na wcze\u015bniejsze obliczenie warto\u015bci&nbsp;<br>ko\u0144cowej (ostatecznej) ceny, informacja o sposobie, w jaki cena b\u0119dzie<br>obliczana, a tak\u017ce o op\u0142atach za transport,&nbsp;dostarczenie, us\u0142ugi<br>pocztowe oraz o innych kosztach, b\u0119dzie podana w Sklepie w opisie<br>Produktu.<\/p><h3 class=\"wp-block-heading\">\u00a7 6<br>Zak\u0142adanie Konta w Sklepie&nbsp;<\/h3><p>1. Aby za\u0142o\u017cy\u0107 Konto w Sklepie, nale\u017cy wype\u0142ni\u0107 Formularz rejestracji. Niezb\u0119dne jest podanie wskazanych<br>w formularzu danych.<br>2. Za\u0142o\u017cenie Konta w Sklepie jest darmowe.<br>3. Logowanie si\u0119 na Konto odbywa si\u0119 poprzez podanie loginu i has\u0142a ustanowionych w Formularzu rejestracji.<br>4.<br>Klient ma mo\u017cliwo\u015b\u0107 w ka\u017cdej chwili, bez podania przyczyny i bez<br>ponoszenia z tego tytu\u0142u jakichkolwiek op\u0142at usun\u0105\u0107 Konto poprzez<br>wys\u0142anie stosownego \u017c\u0105dania do Sprzedawcy, w szczeg\u00f3lno\u015bci za<br>po\u015brednictwem poczty elektronicznej lub pisemnie na adresy podane w \u00a7 3.<\/p><h3 class=\"wp-block-heading\">\u00a7 7<br>Zasady sk\u0142adania Zam\u00f3wienia<\/h3><p>W celu z\u0142o\u017cenia Zam\u00f3wienia nale\u017cy:<br>1. Zalogowa\u0107 si\u0119 do Sklepu (opcjonalnie).<br>2. Wybra\u0107 Produkt b\u0119d\u0105cy przedmiotem Zam\u00f3wienia, a nast\u0119pnie klikn\u0105\u0107 przycisk \u201eDo koszyka\u201d (lub r\u00f3wnoznaczny).<br>3. Zalogowa\u0107 si\u0119 lub skorzysta\u0107 z mo\u017cliwo\u015bci z\u0142o\u017cenia Zam\u00f3wienia bez rejestracji.<br>4.<br>Je\u017celi wybrano mo\u017cliwo\u015b\u0107 z\u0142o\u017cenia Zam\u00f3wienia bez rejestracji \u2013 wype\u0142ni\u0107<br>Formularz zam\u00f3wienia poprzez wpisanie danych odbiorcy Zam\u00f3wienia oraz<br>adresu, na kt\u00f3ry ma nast\u0105pi\u0107 dostawa Produktu, wybra\u0107 rodzaj przesy\u0142ki<br>(spos\u00f3b dostarczenia Produktu), wpisa\u0107 dane do faktury, je\u015bli s\u0105 inne<br>ni\u017c dane odbiorcy Zam\u00f3wienia.<br>5. Klikn\u0105\u0107 przycisk \u201cZamawiam i p\u0142ac\u0119\u201d oraz potwierdzi\u0107 zam\u00f3wienie, klikaj\u0105c w link przes\u0142any w wiadomo\u015bci e-mail.<br>6. Wybra\u0107 jeden z dost\u0119pnych sposob\u00f3w p\u0142atno\u015bci i w zale\u017cno\u015bci od sposobu p\u0142atno\u015bci, op\u0142aci\u0107 zam\u00f3wienie<br>w okre\u015blonym terminie, z zastrze\u017ceniem \u00a7 8 pkt 3.<\/p><h3 class=\"wp-block-heading\">\u00a7 8<br>Oferowane metody dostawy oraz p\u0142atno\u015bci<\/h3><p>1. Klient mo\u017ce skorzysta\u0107 z nast\u0119puj\u0105cych metod dostawy lub odbioru zam\u00f3wionego\u00a0 Produktu:<br>a. Przesy\u0142ka pocztowa<br>b. Przesy\u0142ka kurierska<br>c. Odbi\u00f3r osobisty dost\u0119pny pod adresem: Fabryka Zawiesi ul. Boles\u0142awa Prusa 15 09-500 Gostynin<br>2. Klient mo\u017ce skorzysta\u0107 z nast\u0119puj\u0105cych metod p\u0142atno\u015bci:<br>a.\u00a0P\u0142atno\u015b\u0107 przelewem na konto Sprzedawcy<br>b. P\u0142atno\u015bci elektroniczne<br>3. Szczeg\u00f3\u0142owe informacje na temat metod dostawy oraz akceptowalnych metod p\u0142atno\u015bci\u00a0znajduj\u0105 si\u0119 za stronach\u00a0 Sklepu.<\/p><h3 class=\"wp-block-heading\">\u00a7 9<br>Wykonanie umowy sprzeda\u017cy<\/h3><p>1. Zawarcie Umowy Sprzeda\u017cy mi\u0119dzy Klientem a Sprzedawc\u0105 nast\u0119puje po<br>uprzednim z\u0142o\u017ceniu przez Klienta Zam\u00f3wienia za pomoc\u0105 Formularza<br>zam\u00f3wienia w Sklepie internetowym zgodnie z \u00a7 7 Regulaminu.<br>2. Po<br>z\u0142o\u017ceniu Zam\u00f3wienia Sprzedawca niezw\u0142ocznie potwierdza jego otrzymanie<br>oraz jednocze\u015bnie przyjmuje Zam\u00f3wienie do realizacji. Potwierdzenie<br>otrzymania Zam\u00f3wienia i jego przyj\u0119cie do realizacji nast\u0119puje poprzez<br>przes\u0142anie przez Sprzedawc\u0119 Klientowi stosownej wiadomo\u015bci e-mail na<br>podany w trakcie sk\u0142adania Zam\u00f3wienia adres poczty elektronicznej<br>Klienta, kt\u00f3ra zawiera co najmniej o\u015bwiadczenia Sprzedawcy o otrzymaniu<br>Zam\u00f3wienia i o jego przyj\u0119ciu do realizacji oraz potwierdzenie zawarcia<br>Umowy Sprzeda\u017cy. Z chwil\u0105 otrzymania przez Klienta powy\u017cszej wiadomo\u015bci<br>e-mail zostaje zawarta Umowa Sprzeda\u017cy mi\u0119dzy Klientem a Sprzedawc\u0105.<br>3.<br>W przypadku wyboru przez Klienta&nbsp;p\u0142atno\u015bci przelewem, p\u0142atno\u015bci<br>elektronicznych Klient obowi\u0105zany jest do dokonania p\u0142atno\u015bci w terminie<br>3 dni kalendarzowych od dnia zawarcia Umowy Sprzeda\u017cy \u2013 w przeciwnym<br>razie zam\u00f3wienie zostanie anulowane.<br>4. Je\u017celi Klient wybra\u0142 spos\u00f3b<br>dostawy inny ni\u017c odbi\u00f3r osobisty, Produkt zostanie&nbsp;wys\u0142any przez<br>Sprzedawc\u0119 w terminie wskazanym w jego opisie (z zastrze\u017ceniem&nbsp;ust\u0119pu 5<br>niniejszego paragrafu), w spos\u00f3b wybrany przez Klienta podczas<br>sk\u0142adania&nbsp;Zam\u00f3wienia.<br>5.&nbsp; W przypadku zam\u00f3wienia Produkt\u00f3w o r\u00f3\u017cnych<br>terminach dostawy, terminem&nbsp;dostawy jest najd\u0142u\u017cszy podany termin,&nbsp;w<br>przypadku zam\u00f3wienia Produkt\u00f3w o r\u00f3\u017cnych terminach dostawy, Klient<br>ma&nbsp;mo\u017cliwo\u015b\u0107 \u017c\u0105dania dostarczenia Produkt\u00f3w cz\u0119\u015bciami lub te\u017c<br>dostarczenia wszystkich&nbsp;Produkt\u00f3w po skompletowaniu ca\u0142ego zam\u00f3wienia.<br>6. Pocz\u0105tek biegu terminu dostawy Produktu do Klienta liczy si\u0119 w nast\u0119puj\u0105cy spos\u00f3b:<br>a.<br>W przypadku wyboru przez Klienta sposobu p\u0142atno\u015bci przelewem,<br>p\u0142atno\u015bci&nbsp;elektronicznej lub kart\u0105 p\u0142atnicz\u0105 \u2013 od dnia uznania rachunku<br>bankowego&nbsp;Sprzedawcy.<br>b.&nbsp;W przypadku wyboru przez Klienta odbioru<br>osobistego Produktu, Produkt b\u0119dzie gotowy&nbsp;do odbioru przez Klienta w<br>terminie wskazanym w opisie Produktu. O gotowo\u015bci Produktu do&nbsp;odbioru<br>Klient zostanie dodatkowo poinformowany przez Sprzedawc\u0119 poprzez<br>przes\u0142anie&nbsp;stosownej wiadomo\u015bci e-mail na podany w trakcie sk\u0142adania<br>Zam\u00f3wienia adres poczty&nbsp;elektronicznej Klienta.<\/p><h3 class=\"wp-block-heading\">\u00a7 10<br>Prawo odst\u0105pienia od umowy&nbsp;<\/h3><p>1. Konsument mo\u017ce w terminie 30 dni odst\u0105pi\u0107 od Umowy Sprzeda\u017cy bez podania jakiejkolwiek przyczyny.<br>2.<br>Bieg terminu okre\u015blonego w ust. 1 rozpoczyna si\u0119 od dostarczenia<br>Produktu Konsumentowi lub wskazanej przez niego osobie innej ni\u017c<br>przewo\u017anik.<br>3. W przypadku Umowy, kt\u00f3ra obejmuje wiele Produkt\u00f3w,<br>kt\u00f3re s\u0105 dostarczane osobno, partiami lub w cz\u0119\u015bciach, termin wskazany w<br>ust. 1 biegnie od dostawy ostatniej rzeczy, partii lub cz\u0119\u015bci.<br>5.<br>Konsument mo\u017ce odst\u0105pi\u0107 od Umowy, sk\u0142adaj\u0105c Sprzedawcy o\u015bwiadczenie o<br>odst\u0105pieniu od Umowy. Do zachowania terminu odst\u0105pienia od Umowy<br>wystarczy wys\u0142anie przez Konsumenta o\u015bwiadczenia przed up\u0142ywem tego<br>terminu.<br>6. Sprzedawca ma obowi\u0105zek<br>niezw\u0142ocznie, nie p\u00f3\u017aniej ni\u017c w terminie 14 dni od dnia otrzymania od<br>Konsumenta o\u015bwiadczenia o odst\u0105pieniu od umowy sprzeda\u017cy, zwr\u00f3ci\u0107 mu<br>wszystkie dokonane prze niego p\u0142atno\u015bci. Sprzedawca mo\u017ce wstrzyma\u0107 si\u0119<br>ze zwrotem p\u0142atno\u015bci do chwili otrzymania z powrotem towaru lub<br>dostarczenia przez Konsumenta dowodu odes\u0142ania towaru.<\/p><h3 class=\"wp-block-heading\">\u00a7 11<br>Reklamacja i gwarancja<\/h3><p>1. Umow\u0105 Sprzeda\u017cy obj\u0119te s\u0105 nowe Produkty.<br>2. Sprzedawca jest obowi\u0105zany dostarczy\u0107 Klientowi rzecz woln\u0105 od wad.<br>3. W przypadku wyst\u0105pienia wady zakupionego u Sprzedawcy towaru Klient ma prawo do reklamacji w oparciu<br>o przepisy dotycz\u0105ce r\u0119kojmi w kodeksie cywilnym.<br>4.<br>Reklamacj\u0119 nale\u017cy zg\u0142osi\u0107 pisemnie lub drog\u0105 elektroniczn\u0105 na podany w<br>niniejszym Regulaminie adres Sprzedawcy lub przy wykorzystaniu<br>elektronicznego formularza reklamacyjnego, udost\u0119pnionego przez<br>Sprzedawc\u0119 na jednej<br>z podstron Sklepu.<br>5. Zaleca si\u0119, aby w<br>reklamacji zawrze\u0107 m.in. zwi\u0119z\u0142y opis wady, okoliczno\u015bci (w tym dat\u0119)<br>jej wyst\u0105pienia, dane Klienta sk\u0142adaj\u0105cego reklamacj\u0119, oraz \u017c\u0105danie<br>Klienta w zwi\u0105zku z wad\u0105 towaru.<br>6. Sprzedawca ustosunkuje si\u0119 do<br>\u017c\u0105dania reklamacyjnego niezw\u0142ocznie, nie p\u00f3\u017aniej ni\u017c w terminie 14 dni, a<br>je\u015bli nie zrobi tego w tym terminie, uwa\u017ca si\u0119, \u017ce \u017c\u0105danie Klienta<br>uzna\u0142 za uzasadnione.<br>7. Towary odsy\u0142ane w ramach procedury reklamacyjnej nale\u017cy wysy\u0142a\u0107 na adres podany w \u00a7 3 niniejszego Regulaminu.<\/p><h3 class=\"wp-block-heading\">\u00a7 12<br>Dane osobowe w Sklepie internetowym&nbsp;<\/h3><p>1. Administratorem danych osobowych Klient\u00f3w zbieranych za po\u015brednictwem Sklepu internetowego jest Sprzedawca.<br>2.<br>Dane osobowe Klient\u00f3w zbierane s\u0105 przez administratora za po\u015brednictwem<br>Sklepu internetowego w celu realizacji Umowy Sprzeda\u017cy, a je\u017celi Klient<br>wyrazi na to zgod\u0119 \u2013 tak\u017ce w celu marketingowym.<br>3. Odbiorcami danych osobowych Klient\u00f3w Sklepu internetowego mog\u0105 by\u0107:<br>a.<br>W przypadku Klienta, kt\u00f3ry korzysta w Sklepie internetowym ze sposobu<br>dostawy przesy\u0142k\u0105 pocztow\u0105 lub przesy\u0142k\u0105 kuriersk\u0105, Administrator<br>udost\u0119pnia zebrane dane osobowe Klienta wybranemu przewo\u017anikowi lub<br>po\u015brednikowi realizuj\u0105cemu przesy\u0142ki na zlecenie Administratora.<br>b. W<br>przypadku Klienta, kt\u00f3ry korzysta w Sklepie internetowym ze sposobu<br>p\u0142atno\u015bci elektronicznych lub kart\u0105 p\u0142atnicz\u0105 Administrator udost\u0119pnia<br>zebrane dane osobowe Klienta, wybranemu podmiotowi obs\u0142uguj\u0105cemu<br>powy\u017csze p\u0142atno\u015bci w Sklepie internetowym.<br>4. Klient ma prawo dost\u0119pu do tre\u015bci swoich danych oraz ich poprawiania.<br>5.<br>Podanie danych osobowych jest dobrowolne, aczkolwiek niepodanie<br>wskazanych w Regulaminie danych osobowych niezb\u0119dnych do zawarcia Umowy<br>Sprzeda\u017cy skutkuje brakiem mo\u017cliwo\u015bci zawarcia tej\u017ce umowy.<\/p><h3 class=\"wp-block-heading\">&amp; 13<br>Postanowienia ko\u0144cowe&nbsp;<\/h3><p>1. Umowy zawierane poprzez sklep internetowy zawierane s\u0105 w j\u0119zyku polskim.<br>2.<br>Sprzedawca zastrzega sobie prawo do zmian w Regulaminie z wa\u017cnych<br>przyczyn, tj. zmiany przepis\u00f3w prawa, zmiany form p\u0142atno\u015bci i dostaw.<br>3. W sprawach nieuj\u0119tych w niniejszym Regulaminie maja zastosowanie powszechnie obowi\u0105zuj\u0105ce przepisy prawa polskiego.<br>4.<br>Wy\u0142\u0105czne prawa do tre\u015bci umieszczanych\/udost\u0119pnianych w ramach Serwisu<br>Internetowego przez us\u0142ugodawc\u0119 podlegaj\u0105 ochronie prawnej i przys\u0142uguj\u0105<br>wy\u0142\u0105cznie Us\u0142ugodawcy.<\/p>","protected":false},"excerpt":{"rendered":"<p>Regulamin sklepu internetowego \u00a7 1Informacje wst\u0119pne 1. Sklep internetowy Carshineworld dost\u0119pny podadresem\u00a0internetowym www.carshineworld.pl, prowadzony jest przez FABRYKA ZAWIESI S.C. MATEUSZ G\u00d3RSKI, KAROLINA G\u00d3RSKA prowadz\u0105cy dzia\u0142alno\u015b\u0107 gospodarcz\u0105 wpisan\u0105 do\u00a0CentralnejEwidencji i Informacji o Dzia\u0142alno\u015bci Gospodarczej (CEIDG) prowadzonejprzez\u00a0ministra w\u0142a\u015bciwego ds. gospodarki, NIP 9710731611 \u00a7 2Definicje&nbsp; 1. Konsument \u2013 osoba fizyczna zawieraj\u0105ca zeSprzedawc\u0105 umow\u0119 w ramach Sklepu, kt\u00f3rej przedmiot [&hellip;]<\/p>\n","protected":false},"author":1,"featured_media":0,"parent":0,"menu_order":0,"comment_status":"closed","ping_status":"closed","template":"","meta":{"saved_in_kubio":false,"footnotes":""},"class_list":["post-9","page","type-page","status-publish","hentry"],"kubio_ai_page_context":{"short_desc":"","purpose":"general"},"_links":{"self":[{"href":"https:\/\/carshineworld.pl\/index.php?rest_route=\/wp\/v2\/pages\/9","targetHints":{"allow":["GET"]}}],"collection":[{"href":"https:\/\/carshineworld.pl\/index.php?rest_route=\/wp\/v2\/pages"}],"about":[{"href":"https:\/\/carshineworld.pl\/index.php?rest_route=\/wp\/v2\/types\/page"}],"author":[{"embeddable":true,"href":"https:\/\/carshineworld.pl\/index.php?rest_route=\/wp\/v2\/users\/1"}],"replies":[{"embeddable":true,"href":"https:\/\/carshineworld.pl\/index.php?rest_route=%2Fwp%2Fv2%2Fcomments&post=9"}],"version-history":[{"count":0,"href":"https:\/\/carshineworld.pl\/index.php?rest_route=\/wp\/v2\/pages\/9\/revisions"}],"wp:attachment":[{"href":"https:\/\/carshineworld.pl\/index.php?rest_route=%2Fwp%2Fv2%2Fmedia&parent=9"}],"curies":[{"name":"wp","href":"https:\/\/api.w.org\/{rel}","templated":true}]}}