{"id":248,"date":"2025-05-09T12:09:43","date_gmt":"2025-05-09T10:09:43","guid":{"rendered":"http:\/\/carshineworld.pl\/?post_type=product&#038;p=248"},"modified":"2025-05-22T10:07:36","modified_gmt":"2025-05-22T08:07:36","slug":"traffic-film-remover-do-usuwania-zanieczyszczen-drogowych","status":"publish","type":"product","link":"https:\/\/carshineworld.pl\/?product=traffic-film-remover-do-usuwania-zanieczyszczen-drogowych","title":{"rendered":"Traffic Film Remover 1L 1000ml &#8211; do usuwania zanieczyszcze\u0144 drogowych"},"content":{"rendered":"<div id=\"tab-description\" class=\"entry-content woocommerce-Tabs-panel woocommerce-Tabs-panel--description wd-active panel wc-tab\" role=\"tabpanel\" aria-labelledby=\"tab-title-description\" data-accordion-index=\"description\">\n<div class=\"wc-tab-inner\">\n<h2><span class=\"accent\">Traffic Film Remover TFR marki KiurLab<\/span> \u2013 silny \u015brodek do usuwania zanieczyszcze\u0144 drogowych<\/h2>\n<p><strong>TFR (Traffic Film Remover)<\/strong> to niezast\u0105piony w auto detailingu produkt, stworzony z my\u015bl\u0105 o efektywnym <strong>usuwaniu zabrudze\u0144 komunikacyjnych<\/strong> z powierzchni lakieru, felg i opon. Dzi\u0119ki mocnej formule czyszcz\u0105cej, TFR to doskona\u0142y wyb\u00f3r jako preparat stosowany przed w\u0142a\u015bciwym myciem pojazdu.<\/p>\n<h2>Co to jest <span class=\"accent\">TFR?<\/span><\/h2>\n<p><strong>TFR<\/strong> jest to jest <strong>silny \u015brodek czyszcz\u0105cy<\/strong> stworzony z my\u015bl\u0105 o skutecznym usuwaniu r\u00f3\u017cnorodnych zanieczyszcze\u0144 z karoserii pojazdu. Doskonale sprawdza si\u0119 w usuwaniu filmu drogowego, plam po olejach i t\u0142uszczach, zabrudze\u0144 atmosferycznych oraz wielu innych niepo\u017c\u0105danych substancji pochodzenia komunikacyjnego. Skutecznie radzi sobie te\u017c z usuwaniem soli zimowych i ptasich odchod\u00f3w.<\/p>\n<p>Dzi\u0119ki <strong>wysokiej mocy czyszcz\u0105cej<\/strong> TFRa oraz szerokiemu zakresowi jego zastosowa\u0144, cieszy si\u0119 on du\u017c\u0105 popularno\u015bci\u0105 w usuwaniu trudnych zabrudze\u0144 z pojazd\u00f3w ci\u0119\u017carowych, samochod\u00f3w dostawczych oraz maszyn. W dziedzinie auto detailingu TFR jest powszechnie u\u017cywany jako skuteczny preparat do oprysku przed r\u0119cznym myciem, eliminuj\u0105cy wi\u0119kszo\u015b\u0107 typowych zanieczyszcze\u0144 komunikacyjnych z powierzchni pojazdu.<\/p>\n<h2>Zalety <span class=\"accent\">TFR KiurLab<\/span><\/h2>\n<ul>\n<li><strong>skuteczno\u015b\u0107<\/strong> \u2013 dzi\u0119ki skoncentrowanej formule, mo\u017cesz dostosowa\u0107 si\u0142\u0119 czyszcz\u0105c\u0105 \u015brodka do stopnia zabrudzenia pojazdu.<\/li>\n<li><strong>uniwersalno\u015b\u0107<\/strong> \u2013 nasz TFR skutecznie eliminuje r\u00f3\u017cne rodzaje zanieczyszcze\u0144, oferuj\u0105c prosty spos\u00f3b na efektywne pozbycie si\u0119 brudu o r\u00f3\u017cnym pochodzeniu.<\/li>\n<li><strong>bezpiecze\u0144stwo<\/strong> \u2013 prawid\u0142owo u\u017cyty TFR nie powoduje uszkodze\u0144 lakieru ani innych negatywnych skutk\u00f3w dla element\u00f3w karoserii samochodu.<\/li>\n<li><strong>wygodne u\u017cycie<\/strong> \u2013 do u\u017cycia TFRa nie potrzebujesz pianownicy ani innego zaawansowanego sprz\u0119tu. Oprysk z TFR wykonasz przy u\u017cyciu zwyk\u0142ej butelki z atomizerem lub opryskiwacza ci\u015bnieniowego.<\/li>\n<\/ul>\n<h2>Jak u\u017cywa\u0107 <span class=\"accent\">TFRa marki KiurLab?<\/span><\/h2>\n<p>Podczas korzystania z TFRa zawsze kieruj si\u0119 zaleceniami umieszczonymi na opakowaniu, aby zapewni\u0107 bezpiecze\u0144stwo u\u017cytkowania i wysok\u0105 skuteczno\u015b\u0107 dzia\u0142ania. Pracuj w dobrze wentylowanym pomieszczeniu, unikaj bezpo\u015bredniego kontaktu preparatu ze sk\u00f3r\u0105. Dbaj o swoje bezpiecze\u0144stwo, u\u017cywaj\u0105c \u015brodk\u00f3w ochrony osobistej, takich jak r\u0119kawice i okulary ochronne. Nie wdychaj rozpylonej cieczy.<\/p>\n<h3>Zalecenia przed u\u017cyciem TFRa:<\/h3>\n<ol>\n<li>Upewnij si\u0119, \u017ce czyszczona powierzchnia jest zimna.<\/li>\n<li>Wstrz\u0105\u015bnij energicznie butelk\u0105, aby skutecznie wymiesza\u0107 jej zawarto\u015b\u0107.<\/li>\n<li>Przygotuj roztw\u00f3r TFR w odpowiednim st\u0119\u017ceniu. Przyk\u0142adowe proporcje:\n<ul>\n<li>1:10 \u2013 silnie zabrudzone powierzchnie, szczeg\u00f3lnie zalecany w okresach jesienno \u2013 zimowych<\/li>\n<li>1:20 \u2013 lekko zabrudzone powierzchnie lub przy regularnej piel\u0119gnacji karoserii<\/li>\n<\/ul>\n<\/li>\n<li>Przetestuj dzia\u0142anie \u015brodka na niewidocznym fragmencie czyszczonej powierzchni, aby wykluczy\u0107 mo\u017cliwo\u015b\u0107 ewentualnych uszkodze\u0144.<\/li>\n<\/ol>\n<h3>Spos\u00f3b u\u017cycia TFR marki KiurLab<\/h3>\n<ol>\n<li>Nanie\u015b preparat na czyszczon\u0105 powierzchni\u0119 przy u\u017cyciu triggera lub opryskiwacza ci\u015bnieniowego.<\/li>\n<li>Odczekaj 3-5 minut aby preparat m\u00f3g\u0142 skutecznie wnikn\u0105\u0107 w zabrudzenie.<\/li>\n<li>Sp\u0142ucz preparat z powierzchni przy u\u017cyciu silnego strumienia zimnej wody.<\/li>\n<li>W razie potrzeby powt\u00f3rz czynno\u015bci.<\/li>\n<\/ol>\n<h2>Sk\u0142ad:<\/h2>\n<p>Quaternary ammonium compounds, C12-14-alkyl(hydroxyethyl)dimethyl, ethoxylated, chlorides, 1-Heptanol, 2-propyl- , 7EO, Sodium N-(2-carboxyethyl)-N-dodecyl-\u03b2-alaninate, wodorotlenek sodu, Orange, sweet, ext.<\/p>\n<\/div>\n<\/div>\n","protected":false},"excerpt":{"rendered":"<p><strong>TFRTRAFFIC FILM REMOVER<\/strong><\/p>\n<p>Silny \u015brodek czyszcz\u0105cy stworzony z my\u015bl\u0105 o skutecznym usuwaniu filmu<br \/>\ndrogowego, plam po olejach i t\u0142uszczach, zabrudze\u0144 atmosferycznych<br \/>\noraz wielu innych niepo\u017c\u0105danych substancji pochodzenia<br \/>\nkomunikacyjnego. Skutecznie radzi sobie te\u017c z usuwaniem soli<br \/>\nzimowych i ptasich odchod\u00f3w.<br \/>\nZalety:<br \/>\n\u2022 Skuteczno\u015b\u0107 &#8211; dzi\u0119ki skoncentrowanej formule, mo\u017cesz dostosowa\u0107 si\u0142\u0119<br \/>\nczyszcz\u0105c\u0105 \u015brodka do stopnia zabrudzenia pojazdu.<br \/>\n\u2022 Uniwersalno\u015b\u0107 &#8211; nasz TFR skutecznie eliminuje r\u00f3\u017cne rodzaje<br \/>\nzanieczyszcze\u0144, oferuj\u0105c prosty spos\u00f3b na efektywne pozbycie si\u0119<br \/>\nbrudu o r\u00f3\u017cnym pochodzeniu.<br \/>\n\u2022 Bezpiecze\u0144stwo &#8211; prawid\u0142owo u\u017cyty TFR nie powoduje uszkodze\u0144<br \/>\nlakieru ani innych negatywnych skutk\u00f3w dla element\u00f3w karoserii<br \/>\nsamochodu.<\/p>\n","protected":false},"featured_media":737,"comment_status":"open","ping_status":"closed","template":"","meta":{"saved_in_kubio":false},"product_brand":[],"product_cat":[24],"product_tag":[],"class_list":{"0":"post-248","1":"product","2":"type-product","3":"status-publish","4":"has-post-thumbnail","6":"product_cat-nadwozie","8":"first","9":"instock","10":"taxable","11":"shipping-taxable","12":"purchasable","13":"product-type-simple"},"_links":{"self":[{"href":"https:\/\/carshineworld.pl\/index.php?rest_route=\/wp\/v2\/product\/248","targetHints":{"allow":["GET"]}}],"collection":[{"href":"https:\/\/carshineworld.pl\/index.php?rest_route=\/wp\/v2\/product"}],"about":[{"href":"https:\/\/carshineworld.pl\/index.php?rest_route=\/wp\/v2\/types\/product"}],"replies":[{"embeddable":true,"href":"https:\/\/carshineworld.pl\/index.php?rest_route=%2Fwp%2Fv2%2Fcomments&post=248"}],"wp:featuredmedia":[{"embeddable":true,"href":"https:\/\/carshineworld.pl\/index.php?rest_route=\/wp\/v2\/media\/737"}],"wp:attachment":[{"href":"https:\/\/carshineworld.pl\/index.php?rest_route=%2Fwp%2Fv2%2Fmedia&parent=248"}],"wp:term":[{"taxonomy":"product_brand","embeddable":true,"href":"https:\/\/carshineworld.pl\/index.php?rest_route=%2Fwp%2Fv2%2Fproduct_brand&post=248"},{"taxonomy":"product_cat","embeddable":true,"href":"https:\/\/carshineworld.pl\/index.php?rest_route=%2Fwp%2Fv2%2Fproduct_cat&post=248"},{"taxonomy":"product_tag","embeddable":true,"href":"https:\/\/carshineworld.pl\/index.php?rest_route=%2Fwp%2Fv2%2Fproduct_tag&post=248"}],"curies":[{"name":"wp","href":"https:\/\/api.w.org\/{rel}","templated":true}]}}