{"id":254,"date":"2025-05-09T12:27:40","date_gmt":"2025-05-09T10:27:40","guid":{"rendered":"http:\/\/carshineworld.pl\/?post_type=product&#038;p=254"},"modified":"2025-05-22T09:55:37","modified_gmt":"2025-05-22T07:55:37","slug":"deironizer-do-lakieru-rh-usuwanie-zanieczyszczen-metalicznych","status":"publish","type":"product","link":"https:\/\/carshineworld.pl\/?product=deironizer-do-lakieru-rh-usuwanie-zanieczyszczen-metalicznych","title":{"rendered":"Deironizer do lakieru RH- 1L 1000ML usuwanie zanieczyszcze\u0144 metalicznych"},"content":{"rendered":"<div id=\"tab-description\" class=\"entry-content woocommerce-Tabs-panel woocommerce-Tabs-panel--description wd-active panel wc-tab\" role=\"tabpanel\" aria-labelledby=\"tab-title-description\" data-accordion-index=\"description\">\n<div class=\"wc-tab-inner\">\n<h2><span class=\"accent\">Deironizer do lakieru RH- marki KiurLab<\/span> \u2013 skuteczne usuwanie zanieczyszcze\u0144 metalicznych z lakieru samochodowego.<\/h2>\n<p><strong>Deironizer RH-<\/strong> to wyspecjalizowany \u015brodek czyszcz\u0105cy, opracowany specjalnie do <strong>usuwania zanieczyszcze\u0144 metalicznych<\/strong> z powierzchni <strong>lakieru samochodowego<\/strong>. Na lakierze mog\u0105 pojawia\u0107 si\u0119 takie zanieczyszczenia jak opi\u0142ki \u017celaza, rdza czy py\u0142 powsta\u0142y w wyniku \u015bcierania tarcz hamulcowych. Te substancje mog\u0105 trwale osadza\u0107 si\u0119 na powierzchni lakieru, powoduj\u0105c nieestetyczne trwa\u0142e zabrudzenia lakieru (najcz\u0119\u015bciej w postaci charakterystycznych pomara\u0144czowych kropek) i potencjalne jego uszkodzenia. W przypadku tradycyjnych \u015brodk\u00f3w czyszcz\u0105cych, ich skuteczno\u015b\u0107 w usuwaniu tego rodzaju zanieczyszcze\u0144 jest zazwyczaj ograniczona. W takiej sytuacji najlepszym rozwi\u0105zaniem jest zastosowanie <strong>deironizera RH-<\/strong>, kt\u00f3ry oddzia\u0142uje chemicznie na zanieczyszczenie, rozpuszcza je i usuwa z powierzchni lakieru, przywracaj\u0105c mu czysto\u015b\u0107 i doskona\u0142y wygl\u0105d.<\/p>\n<h2><span class=\"accent\">Deironizer RH-<\/span> \u2013 zaawansowana formu\u0142a czyszcz\u0105ca lakier samochodu z zanieczyszcze\u0144 metalicznych<\/h2>\n<p><strong>Deironizer RH- marki Kiurlab<\/strong> to wyj\u0105tkowo skuteczny produkt, kt\u00f3ry usuwa zanieczyszczenia metaliczne poprzez zjawisko tzw. deironizacji. Podczas aplikacji preparatu na powierzchni\u0119 lakieru samochodowego, obserwujemy charakterystyczny <strong>efekt \u201ekrwawienia\u201d<\/strong>, kt\u00f3ry informuje nas o obecno\u015bci tych zanieczyszcze\u0144. Czerwone zabarwienie preparatu jest widocznym \u015bwiadectwem reakcji zachodz\u0105cej mi\u0119dzy \u015brodkiem a zanieczyszczeniami metalicznymi, co skutkuje wyra\u017anym oczyszczeniem lakieru i skutecznym<strong>usuni\u0119ciem metalicznych zanieczyszcze\u0144<\/strong> z jego powierzchni<\/p>\n<h2>Zalety <span class=\"accent\">Deironizera do lakieru RH- KiurLab<\/span><\/h2>\n<ul>\n<li><strong>Szybki czas reakcji<\/strong> \u2013 efekt \u201ekrwawienia\u201d lakieru mo\u017cna zaobserwowa\u0107 ju\u017c po kilku sekundach od zaaplikowania preparatu<\/li>\n<li><strong>Dostosowana g\u0119sto\u015b\u0107<\/strong> \u2013 g\u0119sto\u015b\u0107 RH- zosta\u0142a dostosowana do aplikowania go bezpo\u015brednio na lakier samochodowy, dzi\u0119ki czemu produkt odpowiednio d\u0142ugo utrzymuje si\u0119 na powierzchni samochodu<\/li>\n<li><strong>Bezpiecze\u0144stwo dla lakieru<\/strong> \u2013 dopracowana receptura deironizera RH- marki KiurLab jest delikatna i bezpieczna dla r\u00f3\u017cnych rodzaj\u00f3w lakier\u00f3w tradycyjnych, metalicznych, per\u0142owych oraz tych zabezpieczonych pow\u0142okami ochronnymi<\/li>\n<\/ul>\n<h2>Jak u\u017cywa\u0107 <span class=\"accent\">Deironizera do lakieru RH- marki KiurLab?<\/span><\/h2>\n<p><strong>Deironizer do lakieru RH-<\/strong> to preparat o specjalistycznym zastosowaniu. Przed u\u017cyciem zaleca si\u0119 dok\u0142adne zapoznanie si\u0119 z instrukcj\u0105 na opakowaniu. Podczas pracy nale\u017cy zapewni\u0107 odpowiedni\u0105 wentylacj\u0119 pomieszczenia oraz u\u017cywa\u0107 r\u0119kawiczek, maski ochronnej i okular\u00f3w, aby zapewni\u0107 bezpiecze\u0144stwo i ochron\u0119 u\u017cytkownika.<\/p>\n<h3>Zalecenia przed u\u017cyciem:<\/h3>\n<ol>\n<li>Upewnij si\u0119, \u017ce powierzchnia lakieru jest zimna<\/li>\n<li>Przed u\u017cyciem wstrz\u0105\u015bnij butelk\u0105, aby wymiesza\u0107 jej zawarto\u015b\u0107<\/li>\n<li>Przeprowad\u017a test na niewidocznym fragmencie czyszczonej powierzchni, aby upewni\u0107 si\u0119, \u017ce preparat nie powoduje niepo\u017c\u0105danych efekt\u00f3w<\/li>\n<li>Unikaj aplikowania deironizera na ods\u0142oni\u0119te elementy metalowe pojazdu (np. tarcze hamulcowe, hak holowniczy i.t.p.). W przypadku, gdy istnieje ryzyko kontaktu preparatu z tymi elementami, zabezpiecz je za pomoc\u0105 ta\u015bmy maskuj\u0105cej lub innej formy ochrony.<\/li>\n<\/ol>\n<h3>Spos\u00f3b u\u017cycia Deironizera RH- KiurLab:<\/h3>\n<ol>\n<li>Rozpyl \u015brodek na czyszczon\u0105 powierzchni\u0119 z odleg\u0142o\u015bci oko\u0142o 10 cm<\/li>\n<li>W przypadku trudno dost\u0119pnych miejsc, u\u017cyj p\u0119dzelka do r\u00f3wnomiernego rozprowadzenia preparatu<\/li>\n<li>Odczekaj ok 5 minut od pojawienia si\u0119 charakterystycznego efektu \u201ekrwawienia\u201d<\/li>\n<li>Usu\u0144 preparat czyszczonej powierzchni sp\u0142ukuj\u0105c lakier obficie zimn\u0105 wod\u0105<\/li>\n<li>W razie potrzeby powt\u00f3rz czynno\u015bci<\/li>\n<\/ol>\n<h2>Sk\u0142ad:<\/h2>\n<p>Ammonium mercaptoacetate, 2-fenoksyetanol, 1,2-benzoizotiazol-3(2H)-on<\/p>\n<\/div>\n<\/div>\n","protected":false},"excerpt":{"rendered":"<p><strong>RH- DEIRONIZER DO LAKIERU<\/strong><\/p>\n<p>Wyj\u0105tkowo skuteczny produkt przeznaczony do usuwania zabrudze\u0144<br \/>\nmetalicznych jak lotna rdza i py\u0142 z lakieru. Produkt dobrze przywiera do<br \/>\nczyszczonej powierzchni, nast\u0119pnie wchodzi w reakcje<br \/>\nz zanieczyszczeniami, co powoduje efekt krwawienia. RH- jest<br \/>\nbezpieczny dla lakier\u00f3w metalicznych i akrylowych.<br \/>\nZalety:<br \/>\n\u2022 Konsystencja &#8211; zosta\u0142a tak dobrana, aby produkt z \u0142atwo\u015bci\u0105 m\u00f3g\u0142 by\u0107<br \/>\naplikowany na du\u017ce powierzchnie jak maski, drzwi lub dach.<br \/>\n\u2022 Nie sp\u0142ywa &#8211; posiada r\u00f3wnie\u017c sk\u0142adniki, kt\u00f3re minimalizuj\u0105 efekt<br \/>\nsp\u0142ywania z pionowych powierzchni, oraz zapobiega powstawaniu efektu<br \/>\noczkowania produktu.<\/p>\n","protected":false},"featured_media":734,"comment_status":"open","ping_status":"closed","template":"","meta":{"saved_in_kubio":false},"product_brand":[],"product_cat":[24],"product_tag":[],"class_list":{"0":"post-254","1":"product","2":"type-product","3":"status-publish","4":"has-post-thumbnail","6":"product_cat-nadwozie","8":"first","9":"instock","10":"taxable","11":"shipping-taxable","12":"purchasable","13":"product-type-simple"},"_links":{"self":[{"href":"https:\/\/carshineworld.pl\/index.php?rest_route=\/wp\/v2\/product\/254","targetHints":{"allow":["GET"]}}],"collection":[{"href":"https:\/\/carshineworld.pl\/index.php?rest_route=\/wp\/v2\/product"}],"about":[{"href":"https:\/\/carshineworld.pl\/index.php?rest_route=\/wp\/v2\/types\/product"}],"replies":[{"embeddable":true,"href":"https:\/\/carshineworld.pl\/index.php?rest_route=%2Fwp%2Fv2%2Fcomments&post=254"}],"wp:featuredmedia":[{"embeddable":true,"href":"https:\/\/carshineworld.pl\/index.php?rest_route=\/wp\/v2\/media\/734"}],"wp:attachment":[{"href":"https:\/\/carshineworld.pl\/index.php?rest_route=%2Fwp%2Fv2%2Fmedia&parent=254"}],"wp:term":[{"taxonomy":"product_brand","embeddable":true,"href":"https:\/\/carshineworld.pl\/index.php?rest_route=%2Fwp%2Fv2%2Fproduct_brand&post=254"},{"taxonomy":"product_cat","embeddable":true,"href":"https:\/\/carshineworld.pl\/index.php?rest_route=%2Fwp%2Fv2%2Fproduct_cat&post=254"},{"taxonomy":"product_tag","embeddable":true,"href":"https:\/\/carshineworld.pl\/index.php?rest_route=%2Fwp%2Fv2%2Fproduct_tag&post=254"}],"curies":[{"name":"wp","href":"https:\/\/api.w.org\/{rel}","templated":true}]}}