{"id":257,"date":"2025-05-09T12:31:11","date_gmt":"2025-05-09T10:31:11","guid":{"rendered":"http:\/\/carshineworld.pl\/?post_type=product&#038;p=257"},"modified":"2025-05-22T09:54:44","modified_gmt":"2025-05-22T07:54:44","slug":"kiurlab-deironizer-rh","status":"publish","type":"product","link":"https:\/\/carshineworld.pl\/?product=kiurlab-deironizer-rh","title":{"rendered":"KiurLab Deironizer Rh+ 1L 1000ML do czyszczenia felg"},"content":{"rendered":"<div id=\"tab-description\" class=\"entry-content woocommerce-Tabs-panel woocommerce-Tabs-panel--description wd-active panel wc-tab\" role=\"tabpanel\" aria-labelledby=\"tab-title-description\" data-accordion-index=\"description\">\n<div class=\"wc-tab-inner\">\n<h2>Deironizer RH+ marki KiurLab \u2013 <span class=\"accent\">najlepszy \u015brodek do czyszczenia felg samochodowych<\/span><\/h2>\n<p>Deironizer RH+ to specjalny rodzaj \u015brodka czyszcz\u0105cego, kt\u00f3ry jest przeznaczony do usuwania zanieczyszcze\u0144 pochodzenia metalicznego z powierzchni felg i element\u00f3w uk\u0142adu hamulcowego samochodu. \u017belazo i jego zanieczyszczenia (np. metaliczny py\u0142 powsta\u0142y wskutek \u015bcierania tarcz hamulcowych) cz\u0119sto pojawiaj\u0105 si\u0119 na felgach jako ma\u0142e kropki lub zabrudzenia, kt\u00f3re trudno usun\u0105\u0107 przy u\u017cyciu zwyk\u0142ych \u015brodk\u00f3w czyszcz\u0105cych. Deironizer do felg RH+ dzia\u0142a poprzez chemiczne rozpuszczenie i usuni\u0119cie tych zanieczyszcze\u0144, co pozwala na uzyskanie czystych i l\u015bni\u0105cych felg.<\/p>\n<h2>Deironizer RH+ \u2013 <span class=\"accent\">zaawansowany deironizer do czyszczenia felg<\/span><\/h2>\n<p>Deironizer RH+ KiurLab to specjalistyczny preparat do efektywnego usuwania uci\u0105\u017cliwych zabrudze\u0144 pochodzenia metalicznego z felg aluminiowych i lakierowanych. Wspomaga tak\u017ce usuwanie tych zabrudze\u0144 z powierzchni zewn\u0119trznych uk\u0142adu hamulcowego. Nasz preparat do czyszczenia felg dzia\u0142a wykorzystuj\u0105c zjawisko deironizacji. W trakcie rozpuszczania pozosta\u0142o\u015bci metalu (np. opi\u0142k\u00f3w \u017celaza lub bardzo drobnego osadu lotnej rdzy) wyst\u0119puje efekt tzw. krwawi\u0105cej felgi. Pod wp\u0142ywem p\u0142ynu zabrudzenia barwi\u0105 si\u0119 na charakterystyczny czerwony kolor.<\/p>\n<h2>Zalety <span class=\"accent\">Deironizera RH+ KiurLab<\/span><\/h2>\n<ul>\n<li>szybki czas dzia\u0142ania -produkt zaczyna \u201ckrwawi\u0107\u201d ju\u017c po kilku sekundach<\/li>\n<li>idealna konsystencja \u2013 posiada lekko \u017celow\u0105 konsystencj\u0119, dzi\u0119ki czemu dobrze si\u0119 aplikuje i utrzymuje si\u0119 wystarczaj\u0105co d\u0142ugo na czyszczonej powierzchni<\/li>\n<li>aktywne \u015brodki czyszcz\u0105ce \u2013 preparat do felg Krwawi\u0105ca felga RH+ wi\u0105\u017ce zanieczyszczenia metaliczne, rozpuszcza typowy brud i g\u0142\u0119boko penetruje pory czyszczonej powierzchni, dzi\u0119ki czemu zapewnia najwy\u017csz\u0105 jako\u015b\u0107 i skuteczno\u015b\u0107 dzia\u0142ania<\/li>\n<li>d\u0142u\u017cszy czas wysychania \u2013 w odpowiednich warunkach produkt mo\u017ce le\u017ce\u0107 na czyszczonej powierzchni nawet kilka minut, dzi\u0119ki temu \u0142atwiej i bezpieczniej si\u0119 go usuwa<\/li>\n<\/ul>\n<h2>Jak u\u017cywa\u0107 <span class=\"accent\">Deironizera RH+ KiurLab?<\/span><\/h2>\n<p>Deironizer do felg RH+ to silny \u015brodek chemiczny o specjalistycznym zastosowaniu. Nale\u017cy go u\u017cywa\u0107 zawsze zgodnie z instrukcj\u0105. Podczas pracy zadbaj o dobr\u0105 wentylacj\u0119 w pomieszczeniu, zawsze u\u017cywaj r\u0119kawiczek, maski oraz okular\u00f3w ochronnych.<\/p>\n<p>Zalecenia przed u\u017cyciem:<\/p>\n<ol>\n<li>Upewnij si\u0119, \u017ce czyszczona powierzchnia jest zimna<\/li>\n<li>Potrz\u0105\u015bnij butelk\u0105 aby wymiesza\u0107 zawarto\u015b\u0107<\/li>\n<li>Sprawd\u017a dzia\u0142anie \u015brodka na niewidocznym elemencie czyszczonej powierzchni aby wyeliminowa\u0107 ryzyko uszkodzenia felgi lub innej cz\u0119\u015bci samochodu<\/li>\n<\/ol>\n<p>Spos\u00f3b u\u017cycia Deironizera RH+ KiurLab<\/p>\n<ol>\n<li>Rozpyl preparat na felg\u0119 z odleg\u0142o\u015bci oko\u0142o 10 cm<\/li>\n<li>W przypadku silnych zabrudze\u0144 lub trudno dost\u0119pnych miejsc rozprowad\u017a preparat przy u\u017cyciu p\u0119dzelka lub szczoteczki<\/li>\n<li>Odczekaj kilka minut a\u017c pojawi si\u0119 efekt \u201ckrwawienia\u201d<\/li>\n<li>Sp\u0142ucz preparat zimn\u0105 wod\u0105 pod wysokim ci\u015bnieniem<\/li>\n<li>W razie potrzeby powt\u00f3rzy\u0107 czynno\u015b\u0107<\/li>\n<\/ol>\n<h2>Sk\u0142ad:<\/h2>\n<p>merkaptooctan amonu; alkohole C12-14 (parzyste), etoksylowane &lt;2.5 TE, siarczany, sole sodowe; amidy, C8-18, parzyste i C18 nienasycone, N,N-bis(hydroksyetylowe); alkohole, C12-14, etoksylowane. Sk\u0142ad zgodnie z 648\/2004\/WE wraz z p\u00f3\u017an. zm: anionowe \u015brodki powierzchniowo czynne (5-15%), niejonowe \u015brodki powierzchniowo czynne (&lt;5%).<\/p>\n<\/div>\n<\/div>\n","protected":false},"excerpt":{"rendered":"<p>RH+ DEIRONIZER<\/p>\n<p>RH+ to specjalny rodzaj \u015brodka czyszcz\u0105cego, kt\u00f3ry jest przeznaczony do<br \/>\nusuwania zanieczyszcze\u0144 pochodzenia metalicznego z powierzchni felg<br \/>\ni element\u00f3w uk\u0142adu hamulcowego samochodu. \u017belazo i jego<br \/>\nzanieczyszczenia cz\u0119sto pojawiaj\u0105 sie na felgach jako plamy lub<br \/>\nzabrudzenia, kt\u00f3re trudno usun\u0105\u0107 przy u\u017cyciu zwyk\u0142ych \u015brodk\u00f3w<br \/>\nczyszcz\u0105cych. Deironizer do felg dzia\u0142a poprzez chemiczne rozpuszczenie<br \/>\ni usuni\u0119cie tych zanieczyszcze\u0144, co pozwala na uzyskanie czystych<br \/>\ni l\u015bni\u0105cych felg.<br \/>\nZalety:<br \/>\n\u2022 Szybki czas dzia\u0142ania &#8211; produkt zaczyna \u201ckrwawi\u0107\u201d ju\u017c po kilku<br \/>\nsekundach.<br \/>\n\u2022 Idealna konsystencja &#8211; posiada lekko \u017celow\u0105 konsystencje, dzi\u0119ki<br \/>\nczemu dobrze si\u0119 aplikuje i utrzymuje sie wystarczaj\u0105co d\u0142ugo na<br \/>\nczyszczonej powierzchni.<br \/>\n\u2022 Aktywne \u015brodki czyszcz\u0105ce &#8211; RH+ wi\u0105\u017ce zanieczyszczenia metaliczne,<br \/>\nrozpuszcza typowy brud i g\u0142\u0119boko penetruje pory czyszczonej<br \/>\npowierzchni, dzi\u0119ki czemu zapewnia najwy\u017csz\u0105 jako\u015b\u0107 i skuteczno\u015b\u0107<br \/>\ndzia\u0142ania.<br \/>\n\u2022 D\u0142u\u017cszy czas wysychania &#8211; w odpowiednich warunkach produkt mo\u017ce<br \/>\nle\u017ce\u0107 na czyszczonej powierzchni nawet kilka minut, dzi\u0119ki temu \u0142atwiej<br \/>\ni bezpieczniej sie go usuwa.<\/p>\n","protected":false},"featured_media":732,"comment_status":"open","ping_status":"closed","template":"","meta":{"saved_in_kubio":false},"product_brand":[],"product_cat":[25],"product_tag":[],"class_list":{"0":"post-257","1":"product","2":"type-product","3":"status-publish","4":"has-post-thumbnail","6":"product_cat-felgi","8":"first","9":"instock","10":"taxable","11":"shipping-taxable","12":"purchasable","13":"product-type-simple"},"_links":{"self":[{"href":"https:\/\/carshineworld.pl\/index.php?rest_route=\/wp\/v2\/product\/257","targetHints":{"allow":["GET"]}}],"collection":[{"href":"https:\/\/carshineworld.pl\/index.php?rest_route=\/wp\/v2\/product"}],"about":[{"href":"https:\/\/carshineworld.pl\/index.php?rest_route=\/wp\/v2\/types\/product"}],"replies":[{"embeddable":true,"href":"https:\/\/carshineworld.pl\/index.php?rest_route=%2Fwp%2Fv2%2Fcomments&post=257"}],"wp:featuredmedia":[{"embeddable":true,"href":"https:\/\/carshineworld.pl\/index.php?rest_route=\/wp\/v2\/media\/732"}],"wp:attachment":[{"href":"https:\/\/carshineworld.pl\/index.php?rest_route=%2Fwp%2Fv2%2Fmedia&parent=257"}],"wp:term":[{"taxonomy":"product_brand","embeddable":true,"href":"https:\/\/carshineworld.pl\/index.php?rest_route=%2Fwp%2Fv2%2Fproduct_brand&post=257"},{"taxonomy":"product_cat","embeddable":true,"href":"https:\/\/carshineworld.pl\/index.php?rest_route=%2Fwp%2Fv2%2Fproduct_cat&post=257"},{"taxonomy":"product_tag","embeddable":true,"href":"https:\/\/carshineworld.pl\/index.php?rest_route=%2Fwp%2Fv2%2Fproduct_tag&post=257"}],"curies":[{"name":"wp","href":"https:\/\/api.w.org\/{rel}","templated":true}]}}