{"id":260,"date":"2025-05-09T12:34:08","date_gmt":"2025-05-09T10:34:08","guid":{"rendered":"http:\/\/carshineworld.pl\/?post_type=product&#038;p=260"},"modified":"2025-05-22T09:53:47","modified_gmt":"2025-05-22T07:53:47","slug":"interior-cleaner-interio-srodek-czyszczacy-do-wnetrza-auta","status":"publish","type":"product","link":"https:\/\/carshineworld.pl\/?product=interior-cleaner-interio-srodek-czyszczacy-do-wnetrza-auta","title":{"rendered":"Interior Cleaner INTERIO 1L 1000ML &#8211; \u015brodek czyszcz\u0105cy do wn\u0119trza auta"},"content":{"rendered":"<div id=\"tab-description\" class=\"entry-content woocommerce-Tabs-panel woocommerce-Tabs-panel--description wd-active panel wc-tab\" role=\"tabpanel\" aria-labelledby=\"tab-title-description\" data-accordion-index=\"description\">\n<div class=\"wc-tab-inner\">\n<h2><span class=\"accent\">Interior Cleaner INTERIO marki KiurLab<\/span> \u2013 \u015brodek czyszcz\u0105cy do kompleksowej piel\u0119gnacji wn\u0119trza auta<\/h2>\n<p><strong>Interior Cleaner<\/strong> to uniwersalny \u015brodek czyszcz\u0105cy, przeznaczony <strong>do regularnej piel\u0119gnacji r\u00f3\u017cnych element\u00f3w wewn\u0105trz samochodu<\/strong>, takich jak plastiki, ekosk\u00f3ra, winyl czy gumowe uszczelki. Dzi\u0119ki efektywnej formule INTERIO skutecznie i bezpiecznie <strong>usuwa nagromadzony brud<\/strong> z element\u00f3w wn\u0119trza auta, przywracaj\u0105c im czysto\u015b\u0107 i estetyczny wygl\u0105d.<\/p>\n<p><strong>Interior Cleaner INTERIO<\/strong> mo\u017ce by\u0107 u\u017cywany do czyszczenia nast\u0119puj\u0105cych powierzchni:<\/p>\n<ul>\n<li><strong>plastiki<\/strong>: deska rozdzielcza, konsola \u015brodkowa, konsola centralna, s\u0142upki, elementy wewn\u0119trzne drzwi,<\/li>\n<li><strong>ekosk\u00f3ra<\/strong>: tapicerka foteli i kanap, tapicerka drzwi, deska rozdzielcza, kierownica, pod\u0142okietniki,<\/li>\n<li><strong>winyl<\/strong>: siedzenia samochodowe, deska rozdzielcza, pod\u0142okietniki, elementy wewn\u0119trzne drzwi, listwy wyko\u0144czeniowe,<\/li>\n<li><strong>elementy gumowe<\/strong>: uszczelki, nak\u0142adki peda\u0142\u00f3w, dywaniki.<\/li>\n<\/ul>\n<h2>Dlaczego warto stosowa\u0107 <span class=\"accent\">Interior Cleaner INTERIO marki KiurLab<\/span>?<\/h2>\n<p>Regularna <strong>piel\u0119gnacja wn\u0119trza samochodu<\/strong> jest kluczowa dla zachowania jego estetycznego wygl\u0105du. Zbyt cz\u0119ste stosowanie silnych \u015brodk\u00f3w czyszcz\u0105cych, takich jak np. rozcie\u0144czony APC, mo\u017ce prowadzi\u0107 do szybkiego zu\u017cycia <strong>delikatnych powierzchni wewn\u0105trz auta<\/strong>. Z drugiej strony, u\u017cywanie zbyt delikatnych \u015brodk\u00f3w czyszcz\u0105cych mo\u017ce prowadzi\u0107 do istotnego nagromadzenia zabrudze\u0144, co w d\u0142u\u017cszym czasie wp\u0142ynie negatywnie na wygl\u0105d powierzchni i mo\u017ce wymaga\u0107 zastosowania silnych \u015brodk\u00f3w czyszcz\u0105cych do skutecznego usuni\u0119cia starego brudu.<\/p>\n<p>Aby unikn\u0105\u0107 ryzyka uszkodzenia delikatnych powierzchni wewn\u0105trz samochodu i zapewni\u0107 im d\u0142ugotrwale nienaganny wygl\u0105d, u\u017cywaj <strong>Interior Cleanera INTERIO do codziennego czyszczenia wn\u0119trza auta<\/strong>. Ten specjalistyczny \u015brodek czyszcz\u0105cy skutecznie usuwa typowe zabrudzenia, jednocze\u015bnie nie wp\u0142ywaj\u0105c istotnie na struktur\u0119 czyszczonej powierzchni. Dzi\u0119ki optymalnej formule, INTERIO zapewnia <strong>doskona\u0142e efekty czyszczenia<\/strong> bez ryzyka uszkodzenia delikatnych powierzchni wn\u0119trza samochodu.<\/p>\n<h2>Zalety <span class=\"accent\">Interior Cleanera INTERIO<\/span><\/h2>\n<p><strong>Interior Cleaner INTERIO marki KiurLab<\/strong> oferuje szereg istotnych zalet, kt\u00f3re czyni\u0105 go doskona\u0142ym rozwi\u0105zaniem do piel\u0119gnacji wn\u0119trza samochodu.<\/p>\n<ul>\n<li><strong>Wszechstronny<\/strong> \u2013 idealnie nadaje si\u0119 do czyszczenia r\u00f3\u017cnych typ\u00f3w powierzchni wewn\u0105trz auta, skutecznie usuwa zabrudzenia z ekosk\u00f3r, twardych tworzyw sztucznych i element\u00f3w gumowych.<\/li>\n<li><strong>Wygodny<\/strong> \u2013 produkt dobrze si\u0119 pieni, co u\u0142atwia r\u00f3wnomierne rozprowadzenie na powierzchni i zwi\u0119ksza efektywno\u015b\u0107 czyszczenia oraz skuteczno\u015b\u0107 usuwania zabrudze\u0144.<\/li>\n<li><strong>Skuteczny i bezpieczny<\/strong> \u2013 opracowany z my\u015bl\u0105 o cz\u0119stym czyszczeniu delikatnych powierzchni wn\u0119trza samochod\u00f3w, skutecznie usuwa typowe zabrudzenia, nie naruszaj\u0105c struktury czyszczonych element\u00f3w.<\/li>\n<li><strong>\u0141atwy w u\u017cyciu<\/strong> \u2013 nie wymaga rozcie\u0144czania ani wyp\u0142ukiwania po czyszczeniu, co czyni go szybkim i wygodnym rozwi\u0105zaniem.<\/li>\n<\/ul>\n<h2>Jak u\u017cywa\u0107 <span class=\"accent\">Interior Cleanera INTERIO marki KiurLab<\/span>?<\/h2>\n<p>Przed u\u017cyciem zalecamy dok\u0142adne zapoznanie si\u0119 z instrukcj\u0105 zawart\u0105 na opakowaniu. Stosowanie si\u0119 do tych wskaz\u00f3wek jest kluczowe dla uzyskania najlepszych rezultat\u00f3w czyszczenia i unikni\u0119cia niepo\u017c\u0105danych efekt\u00f3w. Przestrzeganie tych zalece\u0144 zapewnia skuteczne czyszczenie oraz minimalizuje ryzyko uszkodzenia powierzchni.<\/p>\n<h3><strong>Zalecenia przed u\u017cyciem<\/strong><\/h3>\n<ol>\n<li>Przed na\u0142o\u017ceniem \u015brodka upewnij si\u0119, \u017ce czyszczona powierzchnia jest zimna.<\/li>\n<li>Unikaj pracy w bezpo\u015brednim s\u0142o\u0144cu, aby zapobiec powstaniu trwa\u0142ych przebarwie\u0144.<\/li>\n<li>Wstrz\u0105\u015bnij butelk\u0105 przed u\u017cyciem, aby dok\u0142adnie wymiesza\u0107 zawarto\u015b\u0107.<\/li>\n<\/ol>\n<h3><strong>Spos\u00f3b u\u017cycia<\/strong><\/h3>\n<ol>\n<li>Na\u0142\u00f3\u017c \u015brodek na mikrofibr\u0119 za pomoc\u0105 triggera.<\/li>\n<li>Rozprowad\u017a preparat r\u00f3wnomiernie na czyszczonej powierzchni przy u\u017cyciu mikrofibry.<\/li>\n<li>W przypadku uporczywych zabrudze\u0144 lub trudno dost\u0119pnych miejsc skorzystaj z p\u0119dzelka, scrub pada lub szczotki.<\/li>\n<li>Po zako\u0144czeniu czyszczenia, usu\u0144 brud oraz pozosta\u0142o\u015bci \u015brodka czyszcz\u0105cego z powierzchni za pomoc\u0105 wilgotnej szmatki.<\/li>\n<li>W razie potrzeby powt\u00f3rz proces czyszczenia.<\/li>\n<\/ol>\n<h2>Sk\u0142ad:<\/h2>\n<p>1,2-benzoizotiazol-3(2H)-on. Mo\u017ce powodowa\u0107 wyst\u0105pienie reakcji alergicznej. &lt;5 % anionowe \u015brodki powierzchniowo czynne, &lt;5 % niejonowe \u015brodki powierzchniowo czynne, &lt;5 % EDTA (kwas etylenodiaminotetraoctowy) i jego sole, kompozycje zapachowe, 2-fenoksyetanol, 1,2-benzoizotiazol- 3(2H)-on<\/p>\n<\/div>\n<\/div>\n","protected":false},"excerpt":{"rendered":"<p>INTERIO &#8211; CZYSZCZENIE WN\u0118TRZA<\/p>\n<p>INTERIO to uniwersalny \u015brodek czyszcz\u0105cy, przeznaczony do regularnej<br \/>\npiel\u0119gnacji r\u00f3\u017cnych element\u00f3w wewn\u0105trz samochodu, takich jak plastiki,<br \/>\ntkaniny, ekosk\u00f3ra, winyl czy gumowe uszczelki. Dzi\u0119ki efektywnej<br \/>\nformule INTERIO skutecznie i bezpiecznie usuwa nagromadzony brud<br \/>\nz element\u00f3w wn\u0119trza auta, przywracaj\u0105c im czysto\u015b\u0107 i estetyczny<br \/>\nwygl\u0105d.<br \/>\nZalety:<br \/>\n\u2022 Wszechstronny &#8211; idealnie nadaje si\u0119 do czyszczenia r\u00f3\u017cnych typ\u00f3w<br \/>\npowierzchni wewn\u0105trz auta, skutecznie usuwa zabrudzenia z tworzyw<br \/>\ntwardych, element\u00f3w gumowych oraz tkanin.<br \/>\n\u2022 Wygodny &#8211; produkt dobrze si\u0119 pieni, co u\u0142atwia r\u00f3wnomierne<br \/>\nrozprowadzenie na powierzchni i zwi\u0119ksza efektywno\u015b\u0107 czyszczenia<br \/>\noraz skuteczno\u015b\u0107 usuwania zabrudze\u0144.<br \/>\n\u2022 Skuteczny i bezpieczny &#8211; opracowany z my\u015bl\u0105 o cz\u0119stym czyszczeniu<br \/>\ndelikatnych powierzchni wn\u0119trza samochod\u00f3w, skutecznie usuwa<br \/>\ntypowe zabrudzenia, nie naruszaj\u0105c struktury czyszczonych element\u00f3w.<\/p>\n","protected":false},"featured_media":731,"comment_status":"open","ping_status":"closed","template":"","meta":{"saved_in_kubio":false},"product_brand":[],"product_cat":[23],"product_tag":[],"class_list":{"0":"post-260","1":"product","2":"type-product","3":"status-publish","4":"has-post-thumbnail","6":"product_cat-wnetrze","8":"first","9":"instock","10":"taxable","11":"shipping-taxable","12":"purchasable","13":"product-type-simple"},"_links":{"self":[{"href":"https:\/\/carshineworld.pl\/index.php?rest_route=\/wp\/v2\/product\/260","targetHints":{"allow":["GET"]}}],"collection":[{"href":"https:\/\/carshineworld.pl\/index.php?rest_route=\/wp\/v2\/product"}],"about":[{"href":"https:\/\/carshineworld.pl\/index.php?rest_route=\/wp\/v2\/types\/product"}],"replies":[{"embeddable":true,"href":"https:\/\/carshineworld.pl\/index.php?rest_route=%2Fwp%2Fv2%2Fcomments&post=260"}],"wp:featuredmedia":[{"embeddable":true,"href":"https:\/\/carshineworld.pl\/index.php?rest_route=\/wp\/v2\/media\/731"}],"wp:attachment":[{"href":"https:\/\/carshineworld.pl\/index.php?rest_route=%2Fwp%2Fv2%2Fmedia&parent=260"}],"wp:term":[{"taxonomy":"product_brand","embeddable":true,"href":"https:\/\/carshineworld.pl\/index.php?rest_route=%2Fwp%2Fv2%2Fproduct_brand&post=260"},{"taxonomy":"product_cat","embeddable":true,"href":"https:\/\/carshineworld.pl\/index.php?rest_route=%2Fwp%2Fv2%2Fproduct_cat&post=260"},{"taxonomy":"product_tag","embeddable":true,"href":"https:\/\/carshineworld.pl\/index.php?rest_route=%2Fwp%2Fv2%2Fproduct_tag&post=260"}],"curies":[{"name":"wp","href":"https:\/\/api.w.org\/{rel}","templated":true}]}}