{"id":267,"date":"2025-05-09T13:41:36","date_gmt":"2025-05-09T11:41:36","guid":{"rendered":"http:\/\/carshineworld.pl\/?post_type=product&#038;p=267"},"modified":"2025-05-22T10:08:29","modified_gmt":"2025-05-22T08:08:29","slug":"srodek-do-czyszczenia-tkanin-tapik-skuteczna-i-bezpieczna-pielegnacja-tapicerki","status":"publish","type":"product","link":"https:\/\/carshineworld.pl\/?product=srodek-do-czyszczenia-tkanin-tapik-skuteczna-i-bezpieczna-pielegnacja-tapicerki","title":{"rendered":"\u015arodek do czyszczenia tkanin TAPIK 1L 1000ml &#8211; skuteczna i bezpieczna piel\u0119gnacja tapicerki"},"content":{"rendered":"<div id=\"tab-description\" class=\"entry-content woocommerce-Tabs-panel woocommerce-Tabs-panel--description wd-active panel wc-tab\" role=\"tabpanel\" aria-labelledby=\"tab-title-description\" data-accordion-index=\"description\">\n<div class=\"wc-tab-inner\">\n<h2><span class=\"accent\">\u015arodek do czyszczenia tkanin TAPIK marki KiurLab<\/span> \u2013 skuteczna i bezpieczna piel\u0119gnacja tapicerki<\/h2>\n<p><strong>\u015arodek do czyszczenia tkanin TAPIK<\/strong> to produkt, kt\u00f3ry zosta\u0142 opracowany z my\u015bl\u0105 o bezpiecznym i skutecznym czyszczeniu tapicerki samochodowej. Dzi\u0119ki swojej unikalnej formule <strong>szybko i skutecznie usuwa zabrudzenia z tapicerki<\/strong>, jednocze\u015bnie chroni\u0105c delikatne tkaniny przed skutkami zbyt intensywnego czyszczenia.<\/p>\n<h2>Jaki dobra\u0107 w\u0142a\u015bciwy <span class=\"accent\">\u015brodek do czyszczenia delikatnych tkanin samochodowych<\/span>?<\/h2>\n<p>Elementy <strong>tapicerki samochodowej<\/strong> wykonane z delikatnych materia\u0142\u00f3w, takich jak welur czy te\u017c alcantara stanowi\u0105 cz\u0119sto wyzwanie dla u\u017cytkownik\u00f3w, kt\u00f3rzy pragn\u0105 regularnie dba\u0107 o ich czysto\u015b\u0107. Takie elementy tapicerki jak podsufitka czy welurowe obicia wn\u0119trza auta wymagaj\u0105 specjalnych \u015brodk\u00f3w czyszcz\u0105cych, kt\u00f3re <strong>skutecznie usuwaj\u0105 zabrudzenia<\/strong>, jednocze\u015bnie chroni\u0105c struktur\u0119 tkaniny przed uszkodzeniem. W przypadku takich materia\u0142\u00f3w zaleca si\u0119 stosowanie dedykowanych produkt\u00f3w, kt\u00f3re wyr\u00f3\u017cniaj\u0105 si\u0119 wysok\u0105 moc\u0105 czyszcz\u0105c\u0105, g\u0142\u0119boko penetruj\u0105c tkanin\u0119 i usuwaj\u0105c brud bez konieczno\u015bci dodatkowego p\u0142ukania.<\/p>\n<p><strong>TAPIK marki KiurLab<\/strong> to preparat przeznaczony do czyszczenia delikatnych tkanin samochodowych. Odznacza si\u0119 on <strong>wysok\u0105 skuteczno\u015bci\u0105 czyszczenia<\/strong> i nie wymaga p\u0142ukania, co jest istotne przy czyszczeniu tkanin wra\u017cliwych na wilgo\u0107. Dzi\u0119ki swoim w\u0142a\u015bciwo\u015bciom jest idealnym rozwi\u0105zaniem dla <strong>piel\u0119gnacji delikatnych materia\u0142\u00f3w<\/strong> tapicerki samochodowej. Stosowanie <strong>\u015brodka do czyszczenia tkanin TAPIK<\/strong> zapewnia czysto\u015b\u0107 tapicerki oraz chroni j\u0105 przed negatywnymi skutkami przemoczenia.<\/p>\n<h2>Zalety <span class=\"accent\">\u015brodka do czyszczenia tkanin TAPIK marki KiurLab<\/span><\/h2>\n<ul>\n<li><strong>bezpieczny dla czyszczonych tkanin<\/strong> \u2013 dzi\u0119ki skutecznej formule czyszcz\u0105cej, kt\u00f3ra nie wymaga dodatkowego p\u0142ukania, TAPIK jest szczeg\u00f3lnie polecany do czyszczenia tkanin wra\u017cliwych na przemoczenie.<\/li>\n<li><strong>\u0142atwy w u\u017cyciu<\/strong> \u2013 \u015brodek do czyszczenia tkanin TAPIK jest gotowy do u\u017cycia, nie wymaga stosowania dodatkowych urz\u0105dze\u0144 do prania i p\u0142ukania tapicerki, a przy tym zachowuje wysok\u0105 skuteczno\u015b\u0107 czyszczenia.<\/li>\n<li><strong>uniwersalny<\/strong> \u2013 TAPIK mo\u017ce by\u0107 u\u017cywany do czyszczenia wszystkich rodzaj\u00f3w tkanin stosowanych w tapicerce samochodowej.<\/li>\n<li><strong>zapewnia szybki efekt czyszcz\u0105cy<\/strong> \u2013 dzi\u0119ki ograniczonemu u\u017cyciu wody w procesie czyszczenia tapicerki, nie ma konieczno\u015bci d\u0142ugiego oczekiwania na jej wyschni\u0119cie.<\/li>\n<\/ul>\n<h2>Jak u\u017cywa\u0107 <span class=\"accent\">TAPIKa marki KiurLab<\/span>?<\/h2>\n<p>Podczas stosowania \u015brodka do czyszczenia tkanin TAPIK zawsze kieruj si\u0119 zaleceniami umieszczonymi na opakowaniu. Dzi\u0119ki temu nie tylko zapewnisz bezpiecze\u0144stwo podczas korzystania z produktu, ale tak\u017ce zagwarantujesz jego maksymaln\u0105 skuteczno\u015b\u0107.<\/p>\n<h3>Zalecenia przed u\u017cyciem TAPIKa:<\/h3>\n<ol>\n<li>Upewnij si\u0119, \u017ce czyszczona tkanina jest zimna.<\/li>\n<li>Dla zapewnienia bezpiecze\u0144stwa czyszczenia, unikaj stosowania \u015brodka w miejscach o silnym nas\u0142onecznieniu lub przy bardzo wysokich temperaturach.<\/li>\n<li>Odkurz dok\u0142adnie powierzchni\u0119, kt\u00f3r\u0105 chcesz wyczy\u015bci\u0107.<\/li>\n<li>Wstrz\u0105\u015bnij energicznie butelk\u0105, aby skutecznie wymiesza\u0107 jej zawarto\u015b\u0107.<\/li>\n<li>Przeprowad\u017a test dzia\u0142ania \u015brodka na niewidocznym fragmencie tapicerki, aby wykluczy\u0107 mo\u017cliwo\u015b\u0107 powstania uszkodze\u0144.<\/li>\n<\/ol>\n<h3>Spos\u00f3b u\u017cycia \u015brodka do czyszczenia tkanin TAPIK marki KiurLab<\/h3>\n<ol>\n<li>Nanie\u015b preparat na czyszczon\u0105 powierzchni\u0119 za pomoc\u0105 triggera, mikrofibry lub delikatnej szczotki.<\/li>\n<li>Czy\u015b\u0107 tkanin\u0119 wykonuj\u0105c okr\u0119\u017cne ruchy przy pomocy mikrofibry lub delikatnej szczotki.<\/li>\n<li>Usu\u0144 \u015brodek z powierzchni przy u\u017cyciu wilgotnej, ch\u0142onnej mikrofibry, dbaj\u0105c, aby nie przemoczy\u0107 czyszczonej tkaniny.<\/li>\n<li>Korzystaj\u0105c z suchej mikrofibry zbierz nadmiar wilgoci z powierzchni tkaniny.<\/li>\n<li>W razie potrzeby powt\u00f3rz czynno\u015bci.<\/li>\n<\/ol>\n<\/div>\n<\/div>\n","protected":false},"excerpt":{"rendered":"<p><strong>TAPIK CZYSZCZENIE TAPICERKI<\/strong><\/p>\n<p>Produkt, kt\u00f3ry zosta\u0142 opracowany z my\u015bl\u0105 o bezpiecznym i skutecznym<br \/>\nczyszczeniu tapicerki samochodowej. Dzi\u0119ki swojej unikalnej formule<br \/>\nszybko i skutecznie usuwa zabrudzenia z tapicerki, jednocze\u015bnie chroni\u0105c<br \/>\ndelikatne tkaniny przed skutkami zbyt intensywnego czyszczenia.<br \/>\nZalety:<br \/>\n\u2022 Bezpieczny dla czyszczonych tkanin &#8211; dzi\u0119ki skutecznej formule<br \/>\nczyszcz\u0105cej, kt\u00f3ra nie wymaga dodatkowego p\u0142ukania, TAPIK jest<br \/>\nszczeg\u00f3lnie polecany do czyszczenia tkanin wra\u017cliwych na przemoczenie.<br \/>\n\u2022 \u0141atwy w u\u017cyciu &#8211; produkt jest gotowy do u\u017cycia, nie wymaga<br \/>\nstosowania dodatkowych urz\u0105dze\u0144 do prania i p\u0142ukania tapicerki,<br \/>\na przy tym zachowuje wysoka skuteczno\u015b\u0107 czyszczenia<br \/>\n\u2022 Uniwersalny &#8211; TAPIK mo\u017ce by\u0107 u\u017cywany do czyszczenia wszystkich<br \/>\nrodzaj\u00f3w tkanin stosowanych w tapicerce samochodowej.<\/p>\n","protected":false},"featured_media":729,"comment_status":"open","ping_status":"closed","template":"","meta":{"saved_in_kubio":false},"product_brand":[],"product_cat":[23],"product_tag":[],"class_list":{"0":"post-267","1":"product","2":"type-product","3":"status-publish","4":"has-post-thumbnail","6":"product_cat-wnetrze","8":"first","9":"instock","10":"taxable","11":"shipping-taxable","12":"purchasable","13":"product-type-simple"},"_links":{"self":[{"href":"https:\/\/carshineworld.pl\/index.php?rest_route=\/wp\/v2\/product\/267","targetHints":{"allow":["GET"]}}],"collection":[{"href":"https:\/\/carshineworld.pl\/index.php?rest_route=\/wp\/v2\/product"}],"about":[{"href":"https:\/\/carshineworld.pl\/index.php?rest_route=\/wp\/v2\/types\/product"}],"replies":[{"embeddable":true,"href":"https:\/\/carshineworld.pl\/index.php?rest_route=%2Fwp%2Fv2%2Fcomments&post=267"}],"wp:featuredmedia":[{"embeddable":true,"href":"https:\/\/carshineworld.pl\/index.php?rest_route=\/wp\/v2\/media\/729"}],"wp:attachment":[{"href":"https:\/\/carshineworld.pl\/index.php?rest_route=%2Fwp%2Fv2%2Fmedia&parent=267"}],"wp:term":[{"taxonomy":"product_brand","embeddable":true,"href":"https:\/\/carshineworld.pl\/index.php?rest_route=%2Fwp%2Fv2%2Fproduct_brand&post=267"},{"taxonomy":"product_cat","embeddable":true,"href":"https:\/\/carshineworld.pl\/index.php?rest_route=%2Fwp%2Fv2%2Fproduct_cat&post=267"},{"taxonomy":"product_tag","embeddable":true,"href":"https:\/\/carshineworld.pl\/index.php?rest_route=%2Fwp%2Fv2%2Fproduct_tag&post=267"}],"curies":[{"name":"wp","href":"https:\/\/api.w.org\/{rel}","templated":true}]}}