{"id":270,"date":"2025-05-09T13:50:24","date_gmt":"2025-05-09T11:50:24","guid":{"rendered":"http:\/\/carshineworld.pl\/?post_type=product&#038;p=270"},"modified":"2025-05-22T09:50:54","modified_gmt":"2025-05-22T07:50:54","slug":"buggi-skuteczny-srodek-do-usuwania-owadow-i-innych-zabrudzen-organicznych","status":"publish","type":"product","link":"https:\/\/carshineworld.pl\/?product=buggi-skuteczny-srodek-do-usuwania-owadow-i-innych-zabrudzen-organicznych","title":{"rendered":"BUGGI 1L 1000ml &#8211; skuteczny \u015brodek do usuwania owad\u00f3w i innych zabrudze\u0144 organicznych"},"content":{"rendered":"<div id=\"tab-description\" class=\"entry-content woocommerce-Tabs-panel woocommerce-Tabs-panel--description wd-active panel wc-tab\" role=\"tabpanel\" aria-labelledby=\"tab-title-description\" data-accordion-index=\"description\">\n<div class=\"wc-tab-inner\">\n<h2><span class=\"accent\">BUGGI marki KiurLab<\/span> \u2013 skuteczny \u015brodek do usuwania owad\u00f3w i innych zabrudze\u0144 organicznych<\/h2>\n<p>\u015arodek do usuwania owad\u00f3w BUGGI marki KiurLab to specjalistyczny preparat, kt\u00f3ry rozpuszcza i usuwa z powierzchni samochodu pozosta\u0142o\u015bci po owadach, ptasich odchodach i innych zanieczyszczeniach pochodzenia organicznego. Preparat do usuwania owad\u00f3w BUGGI szybko i skutecznie usuwa zanieczyszczenia organiczne z czyszczonej powierzchni.<\/p>\n<h2>Dlaczego warto stosowa\u0107 <span class=\"accent\">p\u0142yn do usuwania owad\u00f3w?<\/span><\/h2>\n<p>Niemal ka\u017cdy kierowca boryka si\u0119 z problemem zalegania martwych owad\u00f3w na karoserii auta. Samo mycie bezdotykowe zazwyczaj nie rozwi\u0105zuje tego problemu. Zalegaj\u0105ce owady nie tylko wp\u0142ywaj\u0105 negatywnie na wygl\u0105d samochodu, zmniejszaj\u0105 te\u017c komfort jazdy poprzez zmniejszenie przejrzysto\u015bci szyb i zaciemnianie \u015bwiat\u0142a reflektor\u00f3w. Dodatkowo d\u0142ugotrwa\u0142y kontakt pozosta\u0142o\u015bci po owadach z lakierem samochodu mo\u017ce doprowadzi\u0107 do jego trwa\u0142ego uszkodzenia. Dzieje si\u0119 tak, gdy\u017c zwi\u0105zki powsta\u0142e w procesie rozk\u0142adu martwych insekt\u00f3w wchodz\u0105 w reakcj\u0119 chemiczn\u0105 z lakierem, os\u0142abiaj\u0105 go i wnikaj\u0105 w g\u0142\u0105b tworz\u0105c w\u017cery, trwa\u0142e odbarwienia, a nawet rdz\u0119. Nasz \u015brodek do usuwania owad\u00f3w szybko i bezpiecznie pomo\u017ce Ci poradzi\u0107 sobie z tym problemem.<\/p>\n<h2>Zalety \u015brodka do usuwania owad\u00f3w <span class=\"accent\">BUGGI marki KiurLab<\/span><\/h2>\n<ul>\n<li>szybko\u015b\u0107 dzia\u0142ania \u2013 BUGGI zaczyna dzia\u0142a\u0107 niemal natychmiast po kontakcie z resztkami owad\u00f3w<\/li>\n<li>skoncentrowana formu\u0142a \u2013 przy cz\u0119stym korzystaniu z BUGGI lub do usuwania \u015bwie\u017cych resztek owad\u00f3w mo\u017cesz delikatnie os\u0142abi\u0107 \u015brodek rozcie\u0144czaj\u0105c go z wod\u0105 w proporcjach od 1:1 do 1:2<\/li>\n<li>\u0142atwo\u015b\u0107 u\u017cycia \u2013 wystarczy spryska\u0107 zabrudzenie, chwil\u0119 odczeka\u0107 i porz\u0105dnie sp\u0142uka\u0107 wod\u0105<\/li>\n<\/ul>\n<h2>Jak u\u017cywa\u0107 \u015brodek do usuwania owad\u00f3w <span class=\"accent\">BUGGI marki KiurLab?<\/span><\/h2>\n<p>BUGGI to preparat o specjalistycznym zastosowaniu. Nale\u017cy go u\u017cywa\u0107 zawsze zgodnie z instrukcj\u0105. Pami\u0119taj, aby podczas pracy zadba\u0107 o dobr\u0105 wentylacj\u0119 pomieszczenia, u\u017cywaj \u015brodk\u00f3w ochrony osobistej takich jak r\u0119kawiczki, maska i okulary ochronne.<\/p>\n<p>Zalecenia przed u\u017cyciem:<\/p>\n<ul>\n<li>Przygotuj roztw\u00f3r w odpowiednim rozcie\u0144czeniu w zakresie od 1:1 (stare lub trudne do usuni\u0119cia zanieczyszczenia) do 1:2 (\u015bwie\u017ce zanieczyszczenia, regularna piel\u0119gnacja)<\/li>\n<li>Podczas pracy nie nak\u0142adaj \u015brodka na ciep\u0142\u0105 powierzchni\u0119 i unikaj bezpo\u015bredniego nas\u0142onecznienia auta, gdy\u017c mo\u017ce to doprowadzi\u0107 do powstania trwa\u0142ych odbarwie\u0144 lub innych uszkodze\u0144<\/li>\n<li>Zalecamy u\u017cywanie BUGGI na pocz\u0105tku mycia czyszczonej powierzchni<\/li>\n<li>Przed u\u017cyciem potrz\u0105\u015bnij butelk\u0105, aby wymiesza\u0107 jej zawarto\u015b\u0107<\/li>\n<li>Nanie\u015b \u015brodek na niewidoczny fragment czyszczonego elementu, aby sprawdzi\u0107 oddzia\u0142ywanie \u015brodka na czyszczon\u0105 powierzchni\u0119<\/li>\n<\/ul>\n<p>Spos\u00f3b u\u017cycia BUGGI KiurLab<\/p>\n<ol>\n<li aria-level=\"1\">Rozpyl preparat na zabrudzenie z odleg\u0142o\u015bci oko\u0142o 10 cm<\/li>\n<li aria-level=\"1\">Po maksymalnie 2 minutach sp\u0142ucz obficie wod\u0105 pod ci\u015bnieniem<\/li>\n<li aria-level=\"1\">W razie potrzeby powt\u00f3rz czynno\u015bci<\/li>\n<\/ol>\n<h2>Sk\u0142ad:<\/h2>\n<p>alkohole, C12-14, etoksylowane; alkohole C12-14 (parzyste), etoksylowane &lt;2.5 TE, siarczany, sole sodowe; pomara\u0144cze, s\u0142odkie, ekstrakt. Sk\u0142ad zgodnie z 648\/2004\/WE wraz z p\u00f3\u017an. zm: anionowe \u015brodki powierzchniowo czynne (5-15 %), niejonowe \u015brodki powierzchniowo czynne (&lt; 5 %), myd\u0142o (&lt; 5 %), fosfoniany (&lt; 5 %), kompozycje zapachowe.<\/p>\n<\/div>\n<\/div>\n","protected":false},"excerpt":{"rendered":"<p><strong>BUGGI USUWANIE OWAD\u00d3W<\/strong><\/p>\n<p>\u015arodek do usuwania owad\u00f3w BUGGI marki KiurLab to specjalistyczny<br \/>\npreparat, kt\u00f3ry rozpuszcza i usuwa z powierzchni samochodu<br \/>\npozosta\u0142o\u015bci po owadach, ptasich odchodach i innych zanieczyszczeniach<br \/>\npochodzenia organicznego. Preparat do usuwania owad\u00f3w BUGGI<br \/>\nszybko i skutecznie usuwa zanieczyszczenia organiczne z czyszczonej<br \/>\npowierzchni.<br \/>\nZalety:<br \/>\n\u2022 Szybko\u015b\u0107 dzia\u0142ania &#8211; BUGGI zaczyna dzia\u0142a\u0107 niemal natychmiast po<br \/>\nkontakcie z resztkami owad\u00f3w.<br \/>\n\u2022 Skoncentrowana formu\u0142a &#8211; przy cz\u0119stym korzystaniu z BUGGI<br \/>\nlub do usuwania \u015bwie\u017cych resztek owad\u00f3w mo\u017cesz delikatnie os\u0142abi\u0107<br \/>\n\u015brodek rozcie\u0144czaj\u0105c go z wod\u0105 w proporcjach od 1:1 do 1:2.<br \/>\n\u2022 \u0141atwo\u015b\u0107 u\u017cycia &#8211; wystarczy spryska\u0107 zabrudzenie, chwil\u0119 odczeka\u0107<br \/>\ni porz\u0105dnie sp\u0142uka\u0107 wod\u0105.<\/p>\n","protected":false},"featured_media":728,"comment_status":"open","ping_status":"closed","template":"","meta":{"saved_in_kubio":false},"product_brand":[],"product_cat":[24],"product_tag":[],"class_list":{"0":"post-270","1":"product","2":"type-product","3":"status-publish","4":"has-post-thumbnail","6":"product_cat-nadwozie","8":"first","9":"instock","10":"taxable","11":"shipping-taxable","12":"purchasable","13":"product-type-simple"},"_links":{"self":[{"href":"https:\/\/carshineworld.pl\/index.php?rest_route=\/wp\/v2\/product\/270","targetHints":{"allow":["GET"]}}],"collection":[{"href":"https:\/\/carshineworld.pl\/index.php?rest_route=\/wp\/v2\/product"}],"about":[{"href":"https:\/\/carshineworld.pl\/index.php?rest_route=\/wp\/v2\/types\/product"}],"replies":[{"embeddable":true,"href":"https:\/\/carshineworld.pl\/index.php?rest_route=%2Fwp%2Fv2%2Fcomments&post=270"}],"wp:featuredmedia":[{"embeddable":true,"href":"https:\/\/carshineworld.pl\/index.php?rest_route=\/wp\/v2\/media\/728"}],"wp:attachment":[{"href":"https:\/\/carshineworld.pl\/index.php?rest_route=%2Fwp%2Fv2%2Fmedia&parent=270"}],"wp:term":[{"taxonomy":"product_brand","embeddable":true,"href":"https:\/\/carshineworld.pl\/index.php?rest_route=%2Fwp%2Fv2%2Fproduct_brand&post=270"},{"taxonomy":"product_cat","embeddable":true,"href":"https:\/\/carshineworld.pl\/index.php?rest_route=%2Fwp%2Fv2%2Fproduct_cat&post=270"},{"taxonomy":"product_tag","embeddable":true,"href":"https:\/\/carshineworld.pl\/index.php?rest_route=%2Fwp%2Fv2%2Fproduct_tag&post=270"}],"curies":[{"name":"wp","href":"https:\/\/api.w.org\/{rel}","templated":true}]}}