{"id":273,"date":"2025-05-09T13:52:12","date_gmt":"2025-05-09T11:52:12","guid":{"rendered":"http:\/\/carshineworld.pl\/?post_type=product&#038;p=273"},"modified":"2025-05-22T09:49:50","modified_gmt":"2025-05-22T07:49:50","slug":"tire-x-skuteczny-srodek-do-czyszczenia-opon-i-uszczelek","status":"publish","type":"product","link":"https:\/\/carshineworld.pl\/?product=tire-x-skuteczny-srodek-do-czyszczenia-opon-i-uszczelek","title":{"rendered":"TIRE-X 1L 1000ml skuteczny \u015brodek do czyszczenia opon i uszczelek"},"content":{"rendered":"<h2><span class=\"accent\">TIRE-X marki KiurLab<\/span> \u2013 skuteczny \u015brodek do czyszczenia opon<\/h2>\n<p><strong>Tire cleaner TIRE-X<\/strong> to wysokiej jako\u015bci \u015brodek do <strong>g\u0142\u0119bokiego czyszczenia opon samochodowych<\/strong> z brudu, kurzu, b\u0142ota oraz innych typowych osad\u00f3w drogowych. TIRE-X dzia\u0142a nawet na trudno dost\u0119pne miejsca, takie jak rowki bie\u017cnika i naci\u0119cia, pozostawiaj\u0105c opony czyste i l\u015bni\u0105ce. Niezale\u017cnie od rodzaju opony \u2013 letniej, zimowej czy terenowej \u2013 tire cleaner TIRE-X od KiurLab szybko i skutecznie przywraca oponom ich naturalny wygl\u0105d.<\/p>\n<h2>Dlaczego warto stosowa\u0107 <span class=\"accent\">tire cleaner do czyszczenia opon?<\/span><\/h2>\n<p>Opony samochodu s\u0105 jednym z najbardziej widocznych element\u00f3w pojazdu. Czyste, l\u015bni\u0105ce opony znacz\u0105co wp\u0142ywaj\u0105 na atrakcyjny wygl\u0105d samochodu. Ponadto, <strong>utrzymanie opon w czysto\u015bci<\/strong> ma istotne znaczenie dla poprawy bezpiecze\u0144stwa podczas jazdy. Czyste opony zapewniaj\u0105 lepsz\u0105 przyczepno\u015b\u0107 do nawierzchni i wolniejsze zu\u017cycie. Dlatego regularne <strong>usuwanie brudu z powierzchni opon<\/strong> jest niezwykle wa\u017cne. Jednak nale\u017cy pami\u0119ta\u0107, \u017ce u\u017cywanie niew\u0142a\u015bciwych \u015brodk\u00f3w czyszcz\u0105cych mo\u017ce negatywnie wp\u0142ywa\u0107 na w\u0142a\u015bciwo\u015bci jezdne opony, w niekt\u00f3rych przypadkach mog\u0105 one nawet j\u0105 uszkodzi\u0107. <strong>Tire cleaner TIRE-X<\/strong>, marki KiurLab, zosta\u0142 specjalnie opracowany, aby skutecznie i bezpiecznie usuwa\u0107 typowy brud drogowy z opon.<\/p>\n<h2>Zalety <span class=\"accent\">tire cleanera TIRE-X marki KiurLab<\/span><\/h2>\n<ul>\n<li><strong>g\u0142\u0119boko penetruje opony<\/strong> \u2013 specjalnie opracowana receptura TIRE-X g\u0142\u0119boko penetruje opon\u0119, skutecznie usuwaj\u0105c brud nawet z trudno dost\u0119pnych miejsc<\/li>\n<li><strong>ma zasadowy odczyn<\/strong> \u2013 tire cleaner TIRE-X zapewnia bezpieczne stosowanie do regularnego czyszczenia opon. Dodatkowo, nie wykazuje negatywnego wp\u0142ywu na elementy podatne na rdzewienie, takie jak np. ods\u0142oni\u0119te elementy metalowe uk\u0142adu hamulcowego.<\/li>\n<li><strong>skutecznie czy\u015bci opony<\/strong> \u2013 TIRE-X marki KiurLab skutecznie usuwa uporczywy brud z opon zapewniaj\u0105c im czysto\u015b\u0107 i \u015bwie\u017co\u015b\u0107<\/li>\n<li><strong>poprawia przyczepno\u015b\u0107 dressing\u00f3w<\/strong> \u2013 dzi\u0119ki g\u0142\u0119bokiemu przenikaniu w struktur\u0119 opony, TIRE-X tworzy idealne pod\u0142o\u017ce dla dressing\u00f3w, dzi\u0119ki czemu uzyskany podczas zabiegu efekt \u201cmokrej opony\u201d utrzymuje si\u0119 d\u0142u\u017cej<\/li>\n<\/ul>\n<h2>Jak u\u017cywa\u0107 <span class=\"accent\">TIRE-X marki KiurLab<\/span><\/h2>\n<p>Przed u\u017cyciem <strong>tire cleanera TIRE-X<\/strong> zalecamy zapoznanie si\u0119 z instrukcjami produktu, kt\u00f3re znajduj\u0105 si\u0119 na opakowaniu. Wa\u017cne jest dok\u0142adne przestrzeganie wskaz\u00f3wek, aby osi\u0105gn\u0105\u0107 optymalne rezultaty i unikn\u0105\u0107 potencjalnych niepo\u017c\u0105danych skutk\u00f3w.<\/p>\n<h3>Zalecenia przed u\u017cyciem<\/h3>\n<ol>\n<li>Upewnij si\u0119, \u017ce powierzchnia, kt\u00f3r\u0105 chcesz czy\u015bci\u0107, jest zimna.<\/li>\n<li>Przed u\u017cyciem energicznie wstrz\u0105\u015bnij butelk\u0105, aby dok\u0142adnie wymiesza\u0107 zawarto\u015b\u0107.<\/li>\n<li>Przed rozpocz\u0119ciem czyszczenia, przetestuj dzia\u0142anie produktu na niewidocznym fragmencie czyszczonej powierzchni, aby upewni\u0107 si\u0119, \u017ce nie spowoduje on niepo\u017c\u0105danych skutk\u00f3w.<\/li>\n<\/ol>\n<h3>Spos\u00f3b u\u017cycia <span class=\"accent\">TIRE-X marki KiurLab<\/span><\/h3>\n<ol>\n<li>Rozpylaj produkt bezpo\u015brednio na opon\u0119.<\/li>\n<li>Rozprowad\u017a preparat po oponie za pomoc\u0105 p\u0119dzla lub szczotki<\/li>\n<li>Sp\u0142ucz oczyszczon\u0105 powierzchni\u0119 obficie wod\u0105 pod ci\u015bnieniem.<\/li>\n<li>Je\u015bli jest to konieczne, powt\u00f3rz czynno\u015bci w celu uzyskania po\u017c\u0105danego efektu.<\/li>\n<\/ol>\n<h2>Sk\u0142ad:<\/h2>\n<p>Alcohols, C12-14, ethoxylated, sulfates, sodium salts Sulfonic acids, C14-16-alkane hydroxy and C14-16-alkene, sodium salts, wersenian czterosodowy<\/p>\n","protected":false},"excerpt":{"rendered":"<p><strong>TIRE-X \u015aRODEK CZYSZCZ\u0104CY DO OPON<\/strong><\/p>\n<p>To wysokiej jako\u015bci produkt przeznaczony do czyszczenia opon,<br \/>\nopracowany z my\u015bl\u0105 o skutecznym usuwaniu brudu, kurzu, b\u0142ota oraz<br \/>\nosad\u00f3w drogowych. Jego specjalna formu\u0142a penetruje g\u0142\u0119boko<br \/>\nw struktur\u0119 opony, usuwaj\u0105c nawet najtrudniejsze zabrudzenia.<br \/>\nZalety:<br \/>\n\u2022 Dobrze pieni\u0105cy &#8211; dzi\u0119ki dobrej, g\u0119stej pianie produkt wnika nawet<br \/>\nw najtrudniejsze zakamarki, opony dzi\u0119ki czemu proces mycia przebiega<br \/>\nznacznie szybciej i \u0142atwiej<br \/>\n\u2022 Bezpieczny dla felg &#8211; produkt jest w pe\u0142ni bezpieczny dla felg<br \/>\nlakierowanych, co przyspiesza prace, bo nie trzeba zwraca\u0107 na nie uwagi.<\/p>\n","protected":false},"featured_media":727,"comment_status":"open","ping_status":"closed","template":"","meta":{"saved_in_kubio":false},"product_brand":[],"product_cat":[22],"product_tag":[],"class_list":{"0":"post-273","1":"product","2":"type-product","3":"status-publish","4":"has-post-thumbnail","6":"product_cat-opony","8":"first","9":"instock","10":"taxable","11":"shipping-taxable","12":"purchasable","13":"product-type-simple"},"_links":{"self":[{"href":"https:\/\/carshineworld.pl\/index.php?rest_route=\/wp\/v2\/product\/273","targetHints":{"allow":["GET"]}}],"collection":[{"href":"https:\/\/carshineworld.pl\/index.php?rest_route=\/wp\/v2\/product"}],"about":[{"href":"https:\/\/carshineworld.pl\/index.php?rest_route=\/wp\/v2\/types\/product"}],"replies":[{"embeddable":true,"href":"https:\/\/carshineworld.pl\/index.php?rest_route=%2Fwp%2Fv2%2Fcomments&post=273"}],"wp:featuredmedia":[{"embeddable":true,"href":"https:\/\/carshineworld.pl\/index.php?rest_route=\/wp\/v2\/media\/727"}],"wp:attachment":[{"href":"https:\/\/carshineworld.pl\/index.php?rest_route=%2Fwp%2Fv2%2Fmedia&parent=273"}],"wp:term":[{"taxonomy":"product_brand","embeddable":true,"href":"https:\/\/carshineworld.pl\/index.php?rest_route=%2Fwp%2Fv2%2Fproduct_brand&post=273"},{"taxonomy":"product_cat","embeddable":true,"href":"https:\/\/carshineworld.pl\/index.php?rest_route=%2Fwp%2Fv2%2Fproduct_cat&post=273"},{"taxonomy":"product_tag","embeddable":true,"href":"https:\/\/carshineworld.pl\/index.php?rest_route=%2Fwp%2Fv2%2Fproduct_tag&post=273"}],"curies":[{"name":"wp","href":"https:\/\/api.w.org\/{rel}","templated":true}]}}