{"id":283,"date":"2025-05-09T13:57:40","date_gmt":"2025-05-09T11:57:40","guid":{"rendered":"http:\/\/carshineworld.pl\/?post_type=product&#038;p=283"},"modified":"2025-05-09T15:06:58","modified_gmt":"2025-05-09T13:06:58","slug":"kiurlab-pusta-butelka-z-etykieta-i-triggerem-1l","status":"publish","type":"product","link":"https:\/\/carshineworld.pl\/?product=kiurlab-pusta-butelka-z-etykieta-i-triggerem-1l","title":{"rendered":"Kiurlab pusta butelka z etykiet\u0105 i triggerem 1L"},"content":{"rendered":"<h3>Kiurlab pusta butelka z etykiet\u0105 i triggerem 1L<\/h3>\n<p class=\"text-justify\"><strong>Pusta butelka z etykiet\u0105 i triggerem<\/strong> to wyj\u0105tkowo przydatne akcesorium zar\u00f3wno w gara\u017cu profesjonalisty jak i amatora. Butelka umo\u017cliwia stworzenie odpowiedniego rozcie\u0144czenia produktu wyst\u0119puj\u0105cego w koncentracie. Do butelki mo\u017cna r\u00f3wnie\u017c przela\u0107 produkt gotowy do u\u017cycia wyst\u0119puj\u0105cy w du\u017cej pojemno\u015bci. Dzi\u0119ki naklejonej na \u015bciance butelki etykiecie mo\u017cemy podpisa\u0107 znajduj\u0105cy si\u0119 w \u015brodku produkt oraz to w jakim rozcie\u0144czeniu zosta\u0142 sporz\u0105dzony. Jest to niew\u0105tpliwie du\u017ce u\u0142atwienie, oszcz\u0119dzaj\u0105ce nasz czas na poszukiwaniu konkretnego kosmetyku.<\/p>\n","protected":false},"excerpt":{"rendered":"<h3>Kiurlab pusta butelka z etykiet\u0105 i triggerem 1L<\/h3>\n<p class=\"text-justify\"><strong>Pusta butelka z etykiet\u0105 i triggerem<\/strong> to wyj\u0105tkowo przydatne akcesorium zar\u00f3wno w gara\u017cu profesjonalisty jak i amatora. Butelka umo\u017cliwia stworzenie odpowiedniego rozcie\u0144czenia produktu wyst\u0119puj\u0105cego w koncentracie. Do butelki mo\u017cna r\u00f3wnie\u017c przela\u0107 produkt gotowy do u\u017cycia wyst\u0119puj\u0105cy w du\u017cej pojemno\u015bci. Dzi\u0119ki naklejonej na \u015bciance butelki etykiecie mo\u017cemy podpisa\u0107 znajduj\u0105cy si\u0119 w \u015brodku produkt oraz to w jakim rozcie\u0144czeniu zosta\u0142 sporz\u0105dzony. Jest to niew\u0105tpliwie du\u017ce u\u0142atwienie, oszcz\u0119dzaj\u0105ce nasz czas na poszukiwaniu konkretnego kosmetyku.<\/p>\n","protected":false},"featured_media":284,"comment_status":"open","ping_status":"closed","template":"","meta":{"saved_in_kubio":false},"product_brand":[],"product_cat":[21],"product_tag":[],"class_list":{"0":"post-283","1":"product","2":"type-product","3":"status-publish","4":"has-post-thumbnail","6":"product_cat-akcesoria","8":"first","9":"instock","10":"taxable","11":"shipping-taxable","12":"purchasable","13":"product-type-simple"},"_links":{"self":[{"href":"https:\/\/carshineworld.pl\/index.php?rest_route=\/wp\/v2\/product\/283","targetHints":{"allow":["GET"]}}],"collection":[{"href":"https:\/\/carshineworld.pl\/index.php?rest_route=\/wp\/v2\/product"}],"about":[{"href":"https:\/\/carshineworld.pl\/index.php?rest_route=\/wp\/v2\/types\/product"}],"replies":[{"embeddable":true,"href":"https:\/\/carshineworld.pl\/index.php?rest_route=%2Fwp%2Fv2%2Fcomments&post=283"}],"wp:featuredmedia":[{"embeddable":true,"href":"https:\/\/carshineworld.pl\/index.php?rest_route=\/wp\/v2\/media\/284"}],"wp:attachment":[{"href":"https:\/\/carshineworld.pl\/index.php?rest_route=%2Fwp%2Fv2%2Fmedia&parent=283"}],"wp:term":[{"taxonomy":"product_brand","embeddable":true,"href":"https:\/\/carshineworld.pl\/index.php?rest_route=%2Fwp%2Fv2%2Fproduct_brand&post=283"},{"taxonomy":"product_cat","embeddable":true,"href":"https:\/\/carshineworld.pl\/index.php?rest_route=%2Fwp%2Fv2%2Fproduct_cat&post=283"},{"taxonomy":"product_tag","embeddable":true,"href":"https:\/\/carshineworld.pl\/index.php?rest_route=%2Fwp%2Fv2%2Fproduct_tag&post=283"}],"curies":[{"name":"wp","href":"https:\/\/api.w.org\/{rel}","templated":true}]}}