{"id":286,"date":"2025-05-09T13:59:54","date_gmt":"2025-05-09T11:59:54","guid":{"rendered":"http:\/\/carshineworld.pl\/?post_type=product&#038;p=286"},"modified":"2025-05-22T09:46:27","modified_gmt":"2025-05-22T07:46:27","slug":"cleasy-silnie-odtluszczajacy-plyn-do-mycia-szyb-samochodowych","status":"publish","type":"product","link":"https:\/\/carshineworld.pl\/?product=cleasy-silnie-odtluszczajacy-plyn-do-mycia-szyb-samochodowych","title":{"rendered":"CLEASY+ 1L silnie odt\u0142uszczaj\u0105cy p\u0142yn do mycia szyb samochodowych"},"content":{"rendered":"<div id=\"tab-description\" class=\"entry-content woocommerce-Tabs-panel woocommerce-Tabs-panel--description wd-active panel wc-tab\" role=\"tabpanel\" aria-labelledby=\"tab-title-description\" data-accordion-index=\"description\">\n<div class=\"wc-tab-inner\">\n<h2><span class=\"accent\">CLEASY+ marki KiurLab<\/span> \u2013 silnie odt\u0142uszczaj\u0105cy p\u0142yn do mycia szyb samochodowych<\/h2>\n<p><strong>Cleasy+ od KiurLab<\/strong> to nowoczesny, wyj\u0105tkowo skuteczny <strong>p\u0142yn do mycia szyb samochodowych<\/strong>, stworzony z my\u015bl\u0105 o profesjonalistach w dziedzinie auto detailingu. Jego unikalna formu\u0142a, zawieraj\u0105ca m.in. amoniak, gwarantuje doskona\u0142\u0105 skuteczno\u015b\u0107 w usuwaniu uporczywych zabrudze\u0144. P\u0142yn do szyb Cleasy+ posiada <strong>silne w\u0142a\u015bciwo\u015bci odt\u0142uszczaj\u0105ce<\/strong>, co jest szczeg\u00f3lnie istotne w przypadku szyb samochodowych, gdzie smugi mog\u0105 negatywnie wp\u0142ywa\u0107 na widoczno\u015b\u0107 podczas jazdy. Nasz p\u0142yn do szyb \u0142atwo rozprowadza si\u0119 po powierzchni, szybko odparowuje i nie pozostawia smug, zapewniaj\u0105c idealn\u0105 przejrzysto\u015b\u0107 szyb samochodowych.<\/p>\n<h2>Jakie korzy\u015bci niesie za sob\u0105 korzystanie z <span class=\"accent\">Cleasy+ marki KiurLab<\/span><\/h2>\n<p>Korzystanie z <strong>p\u0142ynu do szyb zawieraj\u0105cego amoniak<\/strong> przynosi wiele istotnych korzy\u015bci. Przede wszystkim, amoniak <strong>skutecznie usuwa t\u0142uszcz<\/strong> i inne zabrudzenia, zapewniaj\u0105c czyste szyby bez smug. Nasz p\u0142yn do szyb samochodowych doskonale radzi sobie z usuwaniem starych, zaschni\u0119tych zabrudze\u0144, takich jak zaschni\u0119te pozosta\u0142o\u015bci po owadach, oraz pomaga pozby\u0107 si\u0119 osadu z dymu papierosowego (i z e-papieros\u00f3w). Cleasy+ cechuje si\u0119 szybkim odparowywaniem, co w po\u0142\u0105czeniu z wysok\u0105 moc\u0105 czyszcz\u0105c\u0105 znacz\u0105co przyspiesza proces <strong>czyszczenia szyb samochodowych<\/strong>. Dodatkowo, nasz p\u0142yn do mycia szyb z dodatkiem amoniaku posiada silne w\u0142a\u015bciwo\u015bci dezynfekuj\u0105ce, eliminuj\u0105c drobnoustroje takie jak bakterie, grzyby i wirusy z czyszczonych powierzchni, co istotnie podnosi poziom higieny wewn\u0105trz auta.<\/p>\n<h2>Zalety <span class=\"accent\">p\u0142ynu do mycia szyb CLEASY+ marki KiurLab<\/span><\/h2>\n<ul>\n<li><strong>skuteczne usuwa t\u0142uszcz i uporczywy brud<\/strong> \u2013 amoniak zawarty w Cleasy+ doskonale rozpuszcza t\u0142uste plamy i inne trudne zabrudzenia, co pozwala na uzyskanie idealnie czystych powierzchni<\/li>\n<li><strong>pozostawia czyste szyby bez smug<\/strong> \u2013 nasz p\u0142yn szybko odparowuje z czyszczonej powierzchni, przez co nie powstaj\u0105 na niej nieestetyczne smugi i zacieki<\/li>\n<li><strong>dopracowana kompozycja zapachowa<\/strong> \u2013 w odr\u00f3\u017cnieniu od wielu innych produkt\u00f3w tego typu, kompozycja zapachowa Cleasy+ zosta\u0142a starannie dobrana, aby korzystanie z niego by\u0142o przyjemne, przy jednoczesnym zachowaniu wysokiej skuteczno\u015bci czyszczenia<\/li>\n<\/ul>\n<h2>Jak u\u017cywa\u0107 <span class=\"accent\">p\u0142ynu do szyb CLEASY+ marki KiurLab<\/span><\/h2>\n<p>Przed u\u017cyciem p\u0142ynu do mycia szyb CLEASY+, zalecamy dok\u0142adne zapoznanie si\u0119 z informacjami umieszczonymi na opakowaniu. Znajduj\u0105 si\u0119 tam istotne wskaz\u00f3wki dotycz\u0105ce w\u0142a\u015bciwego stosowania produktu oraz dodatkowe informacje na temat \u015brodk\u00f3w ostro\u017cno\u015bci.<\/p>\n<h3>Zalecenia przed u\u017cyciem CLEASY+:<\/h3>\n<ol>\n<li>Upewnij si\u0119, \u017ce czyszczona powierzchnia jest zimna.<\/li>\n<li>Unikaj pracy z Cleasy+ w bezpo\u015brednim nas\u0142onecznieniu.<\/li>\n<li>Zanim u\u017cyjesz produktu sprawd\u017a, czy nie reaguje on w niew\u0142a\u015bciwy spos\u00f3b z czyszczon\u0105 powierzchni\u0105 poprzez przetestowanie go w niewidocznym miejscu.<\/li>\n<li>W trakcie mycia szyb unikaj nanoszenia produktu na inne powierzchnie. W razie potrzeby przetrzyj je wilgotn\u0105 mikrofibr\u0105.<\/li>\n<\/ol>\n<h3>Spos\u00f3b u\u017cycia p\u0142ynu do szyb CLEASY+:<\/h3>\n<ol>\n<li>Wstrz\u0105\u015bnij, aby dok\u0142adnie wymiesza\u0107 zawarto\u015b\u0107.<\/li>\n<li>Na\u0142\u00f3\u017c p\u0142yn do szyb na mikrofibr\u0119.<\/li>\n<li>Rozprowad\u017a preparat na czyszczon\u0105 powierzchni\u0119.<\/li>\n<li>W razie potrzeby zbierz pozosta\u0142o\u015bci po p\u0142ynie przy pomocy suchej mikrofibry.<\/li>\n<li>Je\u015bli efekty nie s\u0105 satysfakcjonuj\u0105ce \u2013 powt\u00f3rz czynno\u015bci.<\/li>\n<\/ol>\n<h2>Sk\u0142ad:<\/h2>\n<p>2-fenoksyetanol, 1,2-benzoizotiazol-3(2H)-on, (R)-p-menta-1,8-dien<\/p>\n<\/div>\n<\/div>\n","protected":false},"excerpt":{"rendered":"<p><strong>CLEASY+ P\u0141YN DO SZYB<\/strong><\/p>\n<p>P\u0142yn do szyb Cleasy+ posiada silne w\u0142a\u015bciwo\u015bci odt\u0142uszczaj\u0105ce, a jego<br \/>\nunikalna formu\u0142a, zawieraj\u0105c\u0105 m.in. amoniak, gwarantuje doskona\u0142a<br \/>\nskuteczno\u015b\u0107 w usuwaniu uporczywych zabrudze\u0144. Nasz p\u0142yn do szyb<br \/>\n\u0142atwo rozprowadza sie po powierzchni, szybko odparowuje<br \/>\ni nie pozostawia smug.<br \/>\nZalety:<br \/>\n\u2022 Skuteczne usuwa t\u0142uszcz i uporczywy brud &#8211; amoniak zawarty<br \/>\nw Cleasy+ doskonale rozpuszcza t\u0142uste plamy i inne trudne zabrudzenia,<br \/>\nco pozwala na uzyskanie idealnie czystych powierzchni.<br \/>\n\u2022 Pozostawia czyste szyby bez smug &#8211; nasz p\u0142yn szybko odparowuje<br \/>\nz czyszczonej powierzchni, przez co nie powstaj\u0105 na niej nieestetyczne<br \/>\nsmugi i zacieki.<br \/>\n\u2022 Dopracowana kompozycja zapachowa &#8211; w odr\u00f3\u017cnieniu od wielu innych<br \/>\nprodukt\u00f3w tego typu, kompozycja zapachowa Cleasy+ zosta\u0142a starannie<br \/>\ndobrana, aby korzystanie z niego by\u0142o przyjemne, przy jednoczesnym<br \/>\nzachowaniu wysokiej skuteczno\u015bci czyszczenia.<\/p>\n","protected":false},"featured_media":724,"comment_status":"open","ping_status":"closed","template":"","meta":{"saved_in_kubio":false},"product_brand":[],"product_cat":[20],"product_tag":[],"class_list":{"0":"post-286","1":"product","2":"type-product","3":"status-publish","4":"has-post-thumbnail","6":"product_cat-szampony","8":"first","9":"instock","10":"taxable","11":"shipping-taxable","12":"purchasable","13":"product-type-simple"},"_links":{"self":[{"href":"https:\/\/carshineworld.pl\/index.php?rest_route=\/wp\/v2\/product\/286","targetHints":{"allow":["GET"]}}],"collection":[{"href":"https:\/\/carshineworld.pl\/index.php?rest_route=\/wp\/v2\/product"}],"about":[{"href":"https:\/\/carshineworld.pl\/index.php?rest_route=\/wp\/v2\/types\/product"}],"replies":[{"embeddable":true,"href":"https:\/\/carshineworld.pl\/index.php?rest_route=%2Fwp%2Fv2%2Fcomments&post=286"}],"wp:featuredmedia":[{"embeddable":true,"href":"https:\/\/carshineworld.pl\/index.php?rest_route=\/wp\/v2\/media\/724"}],"wp:attachment":[{"href":"https:\/\/carshineworld.pl\/index.php?rest_route=%2Fwp%2Fv2%2Fmedia&parent=286"}],"wp:term":[{"taxonomy":"product_brand","embeddable":true,"href":"https:\/\/carshineworld.pl\/index.php?rest_route=%2Fwp%2Fv2%2Fproduct_brand&post=286"},{"taxonomy":"product_cat","embeddable":true,"href":"https:\/\/carshineworld.pl\/index.php?rest_route=%2Fwp%2Fv2%2Fproduct_cat&post=286"},{"taxonomy":"product_tag","embeddable":true,"href":"https:\/\/carshineworld.pl\/index.php?rest_route=%2Fwp%2Fv2%2Fproduct_tag&post=286"}],"curies":[{"name":"wp","href":"https:\/\/api.w.org\/{rel}","templated":true}]}}