{"id":289,"date":"2025-05-09T14:01:56","date_gmt":"2025-05-09T12:01:56","guid":{"rendered":"http:\/\/carshineworld.pl\/?post_type=product&#038;p=289"},"modified":"2025-05-09T15:06:46","modified_gmt":"2025-05-09T13:06:46","slug":"pusta-butelka-hdpe-z-paskiem-wizyjnym-i-triggerem","status":"publish","type":"product","link":"https:\/\/carshineworld.pl\/?product=pusta-butelka-hdpe-z-paskiem-wizyjnym-i-triggerem","title":{"rendered":"Pusta butelka HDPE z paskiem wizyjnym i triggerem"},"content":{"rendered":"<h2>Pusta butelka HDPE z paskiem wizyjnym i triggerem o pojemno\u015bci 1 litr<\/h2>\n<p><strong>Pusta butelka KiurLab o pojemno\u015bci 1 litra<\/strong>, wykonana z wytrzyma\u0142ego materia\u0142u HDPE, to doskona\u0142e rozwi\u0105zanie dla pasjonat\u00f3w auto detailingu. Jej konstrukcja, w po\u0142\u0105czeniu z wysokiej jako\u015bci <strong>triggerem marki Epoca<\/strong>, gwarantuje wygod\u0119 i precyzj\u0119 podczas rozcie\u0144czania oraz aplikacji chemii detailingowej. Butelka wyposa\u017cona jest w pasek wizyjny, kt\u00f3ry umo\u017cliwia \u0142atw\u0105 kontrol\u0119 poziomu p\u0142ynu, co jest kluczowe przy przygotowywaniu odpowiednich mieszanek. Do\u0142\u0105czony trigger Epoca zapewnia wygodn\u0105 aplikacj\u0119 preparat\u00f3w, umo\u017cliwiaj\u0105c optymalne wykorzystanie chemii.<\/p>\n","protected":false},"excerpt":{"rendered":"<h2>Pusta butelka HDPE z paskiem wizyjnym i triggerem o pojemno\u015bci 1 litr<\/h2>\n<p><strong>Pusta butelka KiurLab o pojemno\u015bci 1 litra<\/strong>, wykonana z wytrzyma\u0142ego materia\u0142u HDPE, to doskona\u0142e rozwi\u0105zanie dla pasjonat\u00f3w auto detailingu. Jej konstrukcja, w po\u0142\u0105czeniu z wysokiej jako\u015bci <strong>triggerem marki Epoca<\/strong>, gwarantuje wygod\u0119 i precyzj\u0119 podczas rozcie\u0144czania oraz aplikacji chemii detailingowej. Butelka wyposa\u017cona jest w pasek wizyjny, kt\u00f3ry umo\u017cliwia \u0142atw\u0105 kontrol\u0119 poziomu p\u0142ynu, co jest kluczowe przy przygotowywaniu odpowiednich mieszanek. Do\u0142\u0105czony trigger Epoca zapewnia wygodn\u0105 aplikacj\u0119 preparat\u00f3w, umo\u017cliwiaj\u0105c optymalne wykorzystanie chemii.<\/p>\n","protected":false},"featured_media":291,"comment_status":"open","ping_status":"closed","template":"","meta":{"saved_in_kubio":false},"product_brand":[],"product_cat":[21],"product_tag":[],"class_list":{"0":"post-289","1":"product","2":"type-product","3":"status-publish","4":"has-post-thumbnail","6":"product_cat-akcesoria","8":"first","9":"instock","10":"taxable","11":"shipping-taxable","12":"purchasable","13":"product-type-simple"},"_links":{"self":[{"href":"https:\/\/carshineworld.pl\/index.php?rest_route=\/wp\/v2\/product\/289","targetHints":{"allow":["GET"]}}],"collection":[{"href":"https:\/\/carshineworld.pl\/index.php?rest_route=\/wp\/v2\/product"}],"about":[{"href":"https:\/\/carshineworld.pl\/index.php?rest_route=\/wp\/v2\/types\/product"}],"replies":[{"embeddable":true,"href":"https:\/\/carshineworld.pl\/index.php?rest_route=%2Fwp%2Fv2%2Fcomments&post=289"}],"wp:featuredmedia":[{"embeddable":true,"href":"https:\/\/carshineworld.pl\/index.php?rest_route=\/wp\/v2\/media\/291"}],"wp:attachment":[{"href":"https:\/\/carshineworld.pl\/index.php?rest_route=%2Fwp%2Fv2%2Fmedia&parent=289"}],"wp:term":[{"taxonomy":"product_brand","embeddable":true,"href":"https:\/\/carshineworld.pl\/index.php?rest_route=%2Fwp%2Fv2%2Fproduct_brand&post=289"},{"taxonomy":"product_cat","embeddable":true,"href":"https:\/\/carshineworld.pl\/index.php?rest_route=%2Fwp%2Fv2%2Fproduct_cat&post=289"},{"taxonomy":"product_tag","embeddable":true,"href":"https:\/\/carshineworld.pl\/index.php?rest_route=%2Fwp%2Fv2%2Fproduct_tag&post=289"}],"curies":[{"name":"wp","href":"https:\/\/api.w.org\/{rel}","templated":true}]}}